{"id":92434,"date":"2019-07-11T13:51:36","date_gmt":"2019-07-11T13:51:36","guid":{"rendered":"https:\/\/www.3p-gmbh.de\/produkt\/constantin-hang-machine-a-riveter-a-huiler\/"},"modified":"2019-07-11T13:51:36","modified_gmt":"2019-07-11T13:51:36","slug":"machine-a-river-ou-a-goudronner","status":"publish","type":"product","link":"https:\/\/www.3p-gmbh.de\/fr\/produkt\/machine-a-river-ou-a-goudronner\/","title":{"rendered":"Constantin Hang Machine \u00e0 riveter\/\u00e0 huiler"},"content":{"rendered":"<ul>\n<li>riveteuse simple ou machine \u00e0 poser les \u0153illets avec table de support<\/li>\n<li>profondeur de travail d&rsquo;environ 200 mm<\/li>\n<li>D\u00e9clenchement par actionnement au pied<\/li>\n<\/ul>\n","protected":false},"excerpt":{"rendered":"<p>riveteuse simple ou machine \u00e0 poser les \u0153illets avec table de support profondeur de travail d&rsquo;environ 200 mm D\u00e9clenchement par actionnement au pied<\/p>\n","protected":false},"featured_media":54219,"template":"","meta":[],"product_brand":[],"product_cat":[3052],"product_tag":[],"class_list":{"0":"post-92434","1":"product","2":"type-product","3":"status-publish","4":"has-post-thumbnail","6":"product_cat-machines-a-huile","7":"pa_hersteller-constatin-hang","9":"first","10":"instock","11":"sold-individually","12":"taxable","13":"shipping-taxable","14":"purchasable","15":"product-type-simple"},"jetpack_sharing_enabled":true,"_links":{"self":[{"href":"https:\/\/www.3p-gmbh.de\/fr\/wp-json\/wp\/v2\/product\/92434","targetHints":{"allow":["GET"]}}],"collection":[{"href":"https:\/\/www.3p-gmbh.de\/fr\/wp-json\/wp\/v2\/product"}],"about":[{"href":"https:\/\/www.3p-gmbh.de\/fr\/wp-json\/wp\/v2\/types\/product"}],"wp:featuredmedia":[{"embeddable":true,"href":"https:\/\/www.3p-gmbh.de\/fr\/wp-json\/wp\/v2\/media\/54219"}],"wp:attachment":[{"href":"https:\/\/www.3p-gmbh.de\/fr\/wp-json\/wp\/v2\/media?parent=92434"}],"wp:term":[{"taxonomy":"product_brand","embeddable":true,"href":"https:\/\/www.3p-gmbh.de\/fr\/wp-json\/wp\/v2\/product_brand?post=92434"},{"taxonomy":"product_cat","embeddable":true,"href":"https:\/\/www.3p-gmbh.de\/fr\/wp-json\/wp\/v2\/product_cat?post=92434"},{"taxonomy":"product_tag","embeddable":true,"href":"https:\/\/www.3p-gmbh.de\/fr\/wp-json\/wp\/v2\/product_tag?post=92434"}],"curies":[{"name":"wp","href":"https:\/\/api.w.org\/{rel}","templated":true}]}}