{"id":92430,"date":"2019-07-11T13:51:36","date_gmt":"2019-07-11T13:51:36","guid":{"rendered":"https:\/\/www.3p-gmbh.de\/produkt\/normpack-tapemat-ncg-320-machine-automatique-de-fermeture-de-boites-pliantes\/"},"modified":"2019-07-11T13:51:36","modified_gmt":"2019-07-11T13:51:36","slug":"machines-automatiques-de-fermeture-de-boites-pliantes","status":"publish","type":"product","link":"https:\/\/www.3p-gmbh.de\/fr\/produkt\/machines-automatiques-de-fermeture-de-boites-pliantes\/","title":{"rendered":"Normpack Tapemat NCG 320 machine automatique de fermeture de bo\u00eetes pliantes"},"content":{"rendered":"<ul>\n<li>avec entra\u00eenement sous la bande<\/li>\n<li>r\u00e9glage manuel simple et rapide de la hauteur et de la largeur pour des paquets de taille constante<\/li>\n<li>collage sans fente des languettes sup\u00e9rieures et inf\u00e9rieures<\/li>\n<li>largeur des bo\u00eetes pliantes 130-520mm<\/li>\n<li>Longueur des bacs pliables 150 mm \u00e0 l&rsquo;infini<\/li>\n<li>hauteur de la bo\u00eete pliante 100-520 mm<\/li>\n<li>hauteur d&rsquo;entr\u00e9e r\u00e9glable de 650 \u00e0 750 mm<\/li>\n<li>Performance jusqu&rsquo;\u00e0 30 paquets min (en fonction de la longueur du paquet)<\/li>\n<li>arr\u00eat automatique de la bande transporteuse<\/li>\n<li>Largeur de bande r\u00e9gl\u00e9e : 50 mm<\/li>\n<\/ul>\n","protected":false},"excerpt":{"rendered":"<p>avec entra\u00eenement sous la bande r\u00e9glage manuel simple et rapide de la hauteur et de la largeur pour des paquets de taille constante collage sans fente des languettes sup\u00e9rieures et inf\u00e9rieures largeur des bo\u00eetes pliantes 130-520mm Longueur des bacs pliables 150 mm \u00e0 l&rsquo;infini hauteur de la bo\u00eete pliante 100-520 mm hauteur d&rsquo;entr\u00e9e r\u00e9glable de [&hellip;]<\/p>\n","protected":false},"featured_media":54240,"template":"","meta":[],"product_brand":[],"product_cat":[2988],"product_tag":[],"class_list":{"0":"post-92430","1":"product","2":"type-product","3":"status-publish","4":"has-post-thumbnail","6":"product_cat-machines-demballage-carton","7":"pa_baujahr-130","8":"pa_hersteller-normpack","9":"pa_typ-tapemat-ncg-320-v400","11":"first","12":"instock","13":"sold-individually","14":"taxable","15":"shipping-taxable","16":"purchasable","17":"product-type-simple"},"jetpack_sharing_enabled":true,"_links":{"self":[{"href":"https:\/\/www.3p-gmbh.de\/fr\/wp-json\/wp\/v2\/product\/92430","targetHints":{"allow":["GET"]}}],"collection":[{"href":"https:\/\/www.3p-gmbh.de\/fr\/wp-json\/wp\/v2\/product"}],"about":[{"href":"https:\/\/www.3p-gmbh.de\/fr\/wp-json\/wp\/v2\/types\/product"}],"wp:featuredmedia":[{"embeddable":true,"href":"https:\/\/www.3p-gmbh.de\/fr\/wp-json\/wp\/v2\/media\/54240"}],"wp:attachment":[{"href":"https:\/\/www.3p-gmbh.de\/fr\/wp-json\/wp\/v2\/media?parent=92430"}],"wp:term":[{"taxonomy":"product_brand","embeddable":true,"href":"https:\/\/www.3p-gmbh.de\/fr\/wp-json\/wp\/v2\/product_brand?post=92430"},{"taxonomy":"product_cat","embeddable":true,"href":"https:\/\/www.3p-gmbh.de\/fr\/wp-json\/wp\/v2\/product_cat?post=92430"},{"taxonomy":"product_tag","embeddable":true,"href":"https:\/\/www.3p-gmbh.de\/fr\/wp-json\/wp\/v2\/product_tag?post=92430"}],"curies":[{"name":"wp","href":"https:\/\/api.w.org\/{rel}","templated":true}]}}