{"id":92419,"date":"2019-07-11T13:51:44","date_gmt":"2019-07-11T13:51:44","guid":{"rendered":"https:\/\/www.3p-gmbh.de\/produkt\/pactur-ladypack-auto-60-machine-a-retracter-les-angles-entierement-automatique\/"},"modified":"2019-07-11T13:51:44","modified_gmt":"2019-07-11T13:51:44","slug":"machine-de-retraction-dangle-entierement-automatique","status":"publish","type":"product","link":"https:\/\/www.3p-gmbh.de\/fr\/produkt\/machine-de-retraction-dangle-entierement-automatique\/","title":{"rendered":"Pactur Ladypack Auto 60 Machine \u00e0 r\u00e9tracter les angles enti\u00e8rement automatique"},"content":{"rendered":"<p>L&rsquo;appareil offre un confort maximal dans le domaine de la technique de soudage en angle. 20 tailles de produits diff\u00e9rentes peuvent \u00eatre m\u00e9moris\u00e9es et appel\u00e9es via un panneau de commande convivial en entrant le code court correspondant. Le r\u00e9glage sur les produits se fait automatiquement.<\/p>\n","protected":false},"excerpt":{"rendered":"<p>L&rsquo;appareil offre un confort maximal dans le domaine de la technique de soudage en angle. 20 tailles de produits diff\u00e9rentes peuvent \u00eatre m\u00e9moris\u00e9es et appel\u00e9es via un panneau de commande convivial en entrant le code court correspondant. Le r\u00e9glage sur les produits se fait automatiquement.<\/p>\n","protected":false},"featured_media":54268,"template":"","meta":[],"product_brand":[],"product_cat":[3024],"product_tag":[],"class_list":{"0":"post-92419","1":"product","2":"type-product","3":"status-publish","4":"has-post-thumbnail","6":"product_cat-emballage-sous-film-et-tenseur","7":"pa_baujahr-158","8":"pa_hersteller-paktur","9":"pa_typ-ladypack-auto-60","11":"first","12":"instock","13":"sold-individually","14":"taxable","15":"shipping-taxable","16":"purchasable","17":"product-type-simple"},"jetpack_sharing_enabled":true,"_links":{"self":[{"href":"https:\/\/www.3p-gmbh.de\/fr\/wp-json\/wp\/v2\/product\/92419","targetHints":{"allow":["GET"]}}],"collection":[{"href":"https:\/\/www.3p-gmbh.de\/fr\/wp-json\/wp\/v2\/product"}],"about":[{"href":"https:\/\/www.3p-gmbh.de\/fr\/wp-json\/wp\/v2\/types\/product"}],"wp:featuredmedia":[{"embeddable":true,"href":"https:\/\/www.3p-gmbh.de\/fr\/wp-json\/wp\/v2\/media\/54268"}],"wp:attachment":[{"href":"https:\/\/www.3p-gmbh.de\/fr\/wp-json\/wp\/v2\/media?parent=92419"}],"wp:term":[{"taxonomy":"product_brand","embeddable":true,"href":"https:\/\/www.3p-gmbh.de\/fr\/wp-json\/wp\/v2\/product_brand?post=92419"},{"taxonomy":"product_cat","embeddable":true,"href":"https:\/\/www.3p-gmbh.de\/fr\/wp-json\/wp\/v2\/product_cat?post=92419"},{"taxonomy":"product_tag","embeddable":true,"href":"https:\/\/www.3p-gmbh.de\/fr\/wp-json\/wp\/v2\/product_tag?post=92419"}],"curies":[{"name":"wp","href":"https:\/\/api.w.org\/{rel}","templated":true}]}}