{"id":92409,"date":"2019-07-11T13:51:44","date_gmt":"2019-07-11T13:51:44","guid":{"rendered":"https:\/\/www.3p-gmbh.de\/produkt\/interdibipack-mega-pack-retracteur-de-capuchons-de-cadres-photo\/"},"modified":"2019-07-11T13:51:44","modified_gmt":"2019-07-11T13:51:44","slug":"retrecisseur-de-capot-de-cadre-photo","status":"publish","type":"product","link":"https:\/\/www.3p-gmbh.de\/fr\/produkt\/retrecisseur-de-capot-de-cadre-photo\/","title":{"rendered":"Interdibipack Mega Pack R\u00e9tracteur de capuchons de cadres photo"},"content":{"rendered":"<ul>\n<li>Dimensions de la hotte 82 X 122 cm<\/li>\n<li>Dimension du film max. 25 \u00f8 x largeur 110 cm<\/li>\n<li>raccordement \u00e9lectrique 380V<\/li>\n<li>Puissance absorb\u00e9e 9,4 kW<\/li>\n<li>Dimensions de la machine 2580 x 1570 x 1110 mm, poids 310 kg<\/li>\n<\/ul>\n","protected":false},"excerpt":{"rendered":"<p>Dimensions de la hotte 82 X 122 cm Dimension du film max. 25 \u00f8 x largeur 110 cm raccordement \u00e9lectrique 380V Puissance absorb\u00e9e 9,4 kW Dimensions de la machine 2580 x 1570 x 1110 mm, poids 310 kg<\/p>\n","protected":false},"featured_media":54260,"template":"","meta":[],"product_brand":[],"product_cat":[3024],"product_tag":[],"class_list":{"0":"post-92409","1":"product","2":"type-product","3":"status-publish","4":"has-post-thumbnail","6":"product_cat-emballage-sous-film-et-tenseur","7":"pa_baujahr-153","8":"pa_hersteller-interdibipack-s-p-a","9":"pa_typ-mega-pack","11":"first","12":"instock","13":"sold-individually","14":"taxable","15":"shipping-taxable","16":"purchasable","17":"product-type-simple"},"jetpack_sharing_enabled":true,"_links":{"self":[{"href":"https:\/\/www.3p-gmbh.de\/fr\/wp-json\/wp\/v2\/product\/92409","targetHints":{"allow":["GET"]}}],"collection":[{"href":"https:\/\/www.3p-gmbh.de\/fr\/wp-json\/wp\/v2\/product"}],"about":[{"href":"https:\/\/www.3p-gmbh.de\/fr\/wp-json\/wp\/v2\/types\/product"}],"wp:featuredmedia":[{"embeddable":true,"href":"https:\/\/www.3p-gmbh.de\/fr\/wp-json\/wp\/v2\/media\/54260"}],"wp:attachment":[{"href":"https:\/\/www.3p-gmbh.de\/fr\/wp-json\/wp\/v2\/media?parent=92409"}],"wp:term":[{"taxonomy":"product_brand","embeddable":true,"href":"https:\/\/www.3p-gmbh.de\/fr\/wp-json\/wp\/v2\/product_brand?post=92409"},{"taxonomy":"product_cat","embeddable":true,"href":"https:\/\/www.3p-gmbh.de\/fr\/wp-json\/wp\/v2\/product_cat?post=92409"},{"taxonomy":"product_tag","embeddable":true,"href":"https:\/\/www.3p-gmbh.de\/fr\/wp-json\/wp\/v2\/product_tag?post=92409"}],"curies":[{"name":"wp","href":"https:\/\/api.w.org\/{rel}","templated":true}]}}