{"id":92403,"date":"2019-07-11T13:51:44","date_gmt":"2019-07-11T13:51:44","guid":{"rendered":"https:\/\/www.3p-gmbh.de\/produkt\/kallfass-kc-5040-450-machine-a-souder-angulaire-universelle\/"},"modified":"2019-07-11T13:51:44","modified_gmt":"2019-07-11T13:51:44","slug":"machine-a-souder-les-angles","status":"publish","type":"product","link":"https:\/\/www.3p-gmbh.de\/fr\/produkt\/machine-a-souder-les-angles\/","title":{"rendered":"Kallfass KC 5040-450 Machine \u00e0 souder angulaire universelle"},"content":{"rendered":"<p>Cette soudeuse d&rsquo;angle compacte avec tunnel de r\u00e9traction est con\u00e7ue pour une utilisation industrielle exigeante avec un tunnel de r\u00e9traction combin\u00e9 performant. Les qualit\u00e9s de cette s\u00e9rie se r\u00e9v\u00e8lent justement dans le cadre d&rsquo;une utilisation continue difficile : le produit \u00e0 emballer peut \u00eatre emball\u00e9 rapidement, de mani\u00e8re \u00e9conomique et avec une qualit\u00e9 \u00e9lev\u00e9e. La technique \u00e9prouv\u00e9e de soudage par impulsions avec fil de s\u00e9paration t\u00e9flonis\u00e9 assure un travail efficace et absolument sans odeur.<\/p>\n<ul>\n<li>Type d&#8217;emballage : emballage manuel sur film complet<\/li>\n<li>Capacit\u00e9 d&#8217;emballage : jusqu&rsquo;\u00e0 20 cycles\/minute<\/li>\n<li>Plage de formats : dimensions du cadre de soudage 500 x 400 mm<\/li>\n<li>Largeur de travail 450mm<\/li>\n<li>Plage de travail hauteur 100-400mm<\/li>\n<li>hauteur de travail 870-970mm<\/li>\n<li>Transport avec cha\u00eene \u00e0 barreaux en silicone, distance 25 mm<\/li>\n<li>Machine sur roulettes<\/li>\n<li>entra\u00eenement motoris\u00e9 du film avec rouleau \u00e0 aiguilles<\/li>\n<\/ul>\n","protected":false},"excerpt":{"rendered":"<p>Cette soudeuse d&rsquo;angle compacte avec tunnel de r\u00e9traction est con\u00e7ue pour une utilisation industrielle exigeante avec un tunnel de r\u00e9traction combin\u00e9 performant. Les qualit\u00e9s de cette s\u00e9rie se r\u00e9v\u00e8lent justement dans le cadre d&rsquo;une utilisation continue difficile : le produit \u00e0 emballer peut \u00eatre emball\u00e9 rapidement, de mani\u00e8re \u00e9conomique et avec une qualit\u00e9 \u00e9lev\u00e9e. La [&hellip;]<\/p>\n","protected":false},"featured_media":54171,"template":"","meta":[],"product_brand":[],"product_cat":[3024],"product_tag":[],"class_list":{"0":"post-92403","1":"product","2":"type-product","3":"status-publish","4":"has-post-thumbnail","6":"product_cat-emballage-sous-film-et-tenseur","7":"pa_baujahr-127","8":"pa_hersteller-kallfass","9":"pa_typ-kc-5040-450-universal","11":"first","12":"instock","13":"sold-individually","14":"taxable","15":"shipping-taxable","16":"purchasable","17":"product-type-simple"},"jetpack_sharing_enabled":true,"_links":{"self":[{"href":"https:\/\/www.3p-gmbh.de\/fr\/wp-json\/wp\/v2\/product\/92403","targetHints":{"allow":["GET"]}}],"collection":[{"href":"https:\/\/www.3p-gmbh.de\/fr\/wp-json\/wp\/v2\/product"}],"about":[{"href":"https:\/\/www.3p-gmbh.de\/fr\/wp-json\/wp\/v2\/types\/product"}],"wp:featuredmedia":[{"embeddable":true,"href":"https:\/\/www.3p-gmbh.de\/fr\/wp-json\/wp\/v2\/media\/54171"}],"wp:attachment":[{"href":"https:\/\/www.3p-gmbh.de\/fr\/wp-json\/wp\/v2\/media?parent=92403"}],"wp:term":[{"taxonomy":"product_brand","embeddable":true,"href":"https:\/\/www.3p-gmbh.de\/fr\/wp-json\/wp\/v2\/product_brand?post=92403"},{"taxonomy":"product_cat","embeddable":true,"href":"https:\/\/www.3p-gmbh.de\/fr\/wp-json\/wp\/v2\/product_cat?post=92403"},{"taxonomy":"product_tag","embeddable":true,"href":"https:\/\/www.3p-gmbh.de\/fr\/wp-json\/wp\/v2\/product_tag?post=92403"}],"curies":[{"name":"wp","href":"https:\/\/api.w.org\/{rel}","templated":true}]}}