{"id":92398,"date":"2019-07-11T13:51:48","date_gmt":"2019-07-11T13:51:48","guid":{"rendered":"https:\/\/www.3p-gmbh.de\/produkt\/cercleuse-automatique-mosca-ro-trs-4-1-transit\/"},"modified":"2019-07-11T13:51:48","modified_gmt":"2019-07-11T13:51:48","slug":"cercleuse-automatique-de-transit","status":"publish","type":"product","link":"https:\/\/www.3p-gmbh.de\/fr\/produkt\/cercleuse-automatique-de-transit\/","title":{"rendered":"Cercleuse automatique Mosca RO-TRS-4\/1 Transit"},"content":{"rendered":"<ul>\n<li>Int\u00e9gration possible dans toute ligne de traitement<\/li>\n<li>Entra\u00eenements directs avec technique \u00e0 courant continu sans usure<\/li>\n<li>Syst\u00e8mes de transport ouvrants \u00e0 entra\u00eenement direct avec r\u00e9gulation de fr\u00e9quence<\/li>\n<li>Commande PLC Siemens avec \u00e9cran tactile pour le guidage optique de l&rsquo;op\u00e9rateur et l&rsquo;affichage des fonctions de la machine, des \u00e9tats des compteurs, des messages d&rsquo;erreur, etc.<\/li>\n<li>Distances de cerclage r\u00e9glables par \u00e9cran tactile<\/li>\n<li>Syst\u00e8me de soudage par coin chauffant avec r\u00e9gulation \u00e9lectronique du chauffage en technique 24 V<\/li>\n<li>Enfilage enti\u00e8rement automatique de la bande<\/li>\n<li>Interrogation de fin de bande avec \u00e9jection du reste de la bande<\/li>\n<li>\u00e9jection automatique de l&rsquo;anneau de bande en cas de d\u00e9clenchement erron\u00e9<\/li>\n<li>Guidage de bande sans usure, \u00e0 commande forc\u00e9e<\/li>\n<li>Contacts sans potentiel avec les installations en amont et en aval<\/li>\n<li>pour ruban PP 12mm<\/li>\n<li>Possibilit\u00e9 de r\u00e9gler la hauteur de travail de la table \u00e0 roulettes de 680mm \u00e0 800mm<\/li>\n<li>incl. tables d&rsquo;entr\u00e9e et de sortie \u00e0 rouleaux motoris\u00e9es<\/li>\n<\/ul>\n","protected":false},"excerpt":{"rendered":"<p>Int\u00e9gration possible dans toute ligne de traitement Entra\u00eenements directs avec technique \u00e0 courant continu sans usure Syst\u00e8mes de transport ouvrants \u00e0 entra\u00eenement direct avec r\u00e9gulation de fr\u00e9quence Commande PLC Siemens avec \u00e9cran tactile pour le guidage optique de l&rsquo;op\u00e9rateur et l&rsquo;affichage des fonctions de la machine, des \u00e9tats des compteurs, des messages d&rsquo;erreur, etc. Distances [&hellip;]<\/p>\n","protected":false},"featured_media":54330,"template":"","meta":[],"product_brand":[],"product_cat":[3002],"product_tag":[],"class_list":{"0":"post-92398","1":"product","2":"type-product","3":"status-publish","4":"has-post-thumbnail","6":"product_cat-machines-de-cerclage","7":"pa_baujahr-198","8":"pa_hersteller-gerd-mosca","9":"pa_typ-ro-trs-4-1","11":"first","12":"instock","13":"sold-individually","14":"taxable","15":"shipping-taxable","16":"purchasable","17":"product-type-simple"},"jetpack_sharing_enabled":true,"_links":{"self":[{"href":"https:\/\/www.3p-gmbh.de\/fr\/wp-json\/wp\/v2\/product\/92398","targetHints":{"allow":["GET"]}}],"collection":[{"href":"https:\/\/www.3p-gmbh.de\/fr\/wp-json\/wp\/v2\/product"}],"about":[{"href":"https:\/\/www.3p-gmbh.de\/fr\/wp-json\/wp\/v2\/types\/product"}],"wp:featuredmedia":[{"embeddable":true,"href":"https:\/\/www.3p-gmbh.de\/fr\/wp-json\/wp\/v2\/media\/54330"}],"wp:attachment":[{"href":"https:\/\/www.3p-gmbh.de\/fr\/wp-json\/wp\/v2\/media?parent=92398"}],"wp:term":[{"taxonomy":"product_brand","embeddable":true,"href":"https:\/\/www.3p-gmbh.de\/fr\/wp-json\/wp\/v2\/product_brand?post=92398"},{"taxonomy":"product_cat","embeddable":true,"href":"https:\/\/www.3p-gmbh.de\/fr\/wp-json\/wp\/v2\/product_cat?post=92398"},{"taxonomy":"product_tag","embeddable":true,"href":"https:\/\/www.3p-gmbh.de\/fr\/wp-json\/wp\/v2\/product_tag?post=92398"}],"curies":[{"name":"wp","href":"https:\/\/api.w.org\/{rel}","templated":true}]}}