{"id":92388,"date":"2019-07-11T13:51:48","date_gmt":"2019-07-11T13:51:48","guid":{"rendered":"https:\/\/www.3p-gmbh.de\/produkt\/cercleuse-automatique-mosca-ro-m-p\/"},"modified":"2019-07-11T13:51:48","modified_gmt":"2019-07-11T13:51:48","slug":"automate-de-cerclage-4","status":"publish","type":"product","link":"https:\/\/www.3p-gmbh.de\/fr\/produkt\/automate-de-cerclage-4\/","title":{"rendered":"Cercleuse automatique Mosca RO-M-P"},"content":{"rendered":"<ul>\n<li>Taille du cadre : environ 300 x 400 mm<\/li>\n<li>guidage de bande \u00e0 commande forc\u00e9e<\/li>\n<li>tension de la bande r\u00e9glable<\/li>\n<li>Syst\u00e8me de soudage par coin chauffant<\/li>\n<li>P\u00e9dale stable pour le d\u00e9clenchement du cerclage<\/li>\n<li>4 roulettes, dont 2 avec frein<\/li>\n<li>Feuillards de cerclage : Feuillards PP pour automates<\/li>\n<\/ul>\n","protected":false},"excerpt":{"rendered":"<p>Taille du cadre : environ 300 x 400 mm guidage de bande \u00e0 commande forc\u00e9e tension de la bande r\u00e9glable Syst\u00e8me de soudage par coin chauffant P\u00e9dale stable pour le d\u00e9clenchement du cerclage 4 roulettes, dont 2 avec frein Feuillards de cerclage : Feuillards PP pour automates<\/p>\n","protected":false},"featured_media":54326,"template":"","meta":[],"product_brand":[],"product_cat":[3002],"product_tag":[],"class_list":{"0":"post-92388","1":"product","2":"type-product","3":"status-publish","4":"has-post-thumbnail","6":"product_cat-machines-de-cerclage","7":"pa_baujahr-196","8":"pa_hersteller-gerd-mosca","9":"pa_typ-ro-m-p","11":"first","12":"instock","13":"sold-individually","14":"taxable","15":"shipping-taxable","16":"purchasable","17":"product-type-simple"},"jetpack_sharing_enabled":true,"_links":{"self":[{"href":"https:\/\/www.3p-gmbh.de\/fr\/wp-json\/wp\/v2\/product\/92388","targetHints":{"allow":["GET"]}}],"collection":[{"href":"https:\/\/www.3p-gmbh.de\/fr\/wp-json\/wp\/v2\/product"}],"about":[{"href":"https:\/\/www.3p-gmbh.de\/fr\/wp-json\/wp\/v2\/types\/product"}],"wp:featuredmedia":[{"embeddable":true,"href":"https:\/\/www.3p-gmbh.de\/fr\/wp-json\/wp\/v2\/media\/54326"}],"wp:attachment":[{"href":"https:\/\/www.3p-gmbh.de\/fr\/wp-json\/wp\/v2\/media?parent=92388"}],"wp:term":[{"taxonomy":"product_brand","embeddable":true,"href":"https:\/\/www.3p-gmbh.de\/fr\/wp-json\/wp\/v2\/product_brand?post=92388"},{"taxonomy":"product_cat","embeddable":true,"href":"https:\/\/www.3p-gmbh.de\/fr\/wp-json\/wp\/v2\/product_cat?post=92388"},{"taxonomy":"product_tag","embeddable":true,"href":"https:\/\/www.3p-gmbh.de\/fr\/wp-json\/wp\/v2\/product_tag?post=92388"}],"curies":[{"name":"wp","href":"https:\/\/api.w.org\/{rel}","templated":true}]}}