{"id":92378,"date":"2019-07-11T13:51:48","date_gmt":"2019-07-11T13:51:48","guid":{"rendered":"https:\/\/www.3p-gmbh.de\/produkt\/normpack-bande-de-cerclage\/"},"modified":"2019-07-11T13:51:48","modified_gmt":"2019-07-11T13:51:48","slug":"ruban-de-cerclage","status":"publish","type":"product","link":"https:\/\/www.3p-gmbh.de\/fr\/produkt\/ruban-de-cerclage\/","title":{"rendered":"Normpack bande de cerclage"},"content":{"rendered":"<ul>\n<li>dimension 12 x 0,6 mm<\/li>\n<li>Diam\u00e8tre du noyau 280 mm<\/li>\n<li>r\u00e9sistance \u00e0 la d\u00e9chirure 130 kg<\/li>\n<li>par rouleau de 2500 m\u00e8tres lin\u00e9aires<\/li>\n<li>par carton 2 rouleaux<\/li>\n<li>couleur noire<\/li>\n<\/ul>\n","protected":false},"excerpt":{"rendered":"<p>dimension 12 x 0,6 mm Diam\u00e8tre du noyau 280 mm r\u00e9sistance \u00e0 la d\u00e9chirure 130 kg par rouleau de 2500 m\u00e8tres lin\u00e9aires par carton 2 rouleaux couleur noire<\/p>\n","protected":false},"featured_media":54313,"template":"","meta":[],"product_brand":[],"product_cat":[3002],"product_tag":[],"class_list":{"0":"post-92378","1":"product","2":"type-product","3":"status-publish","4":"has-post-thumbnail","6":"product_cat-machines-de-cerclage","7":"pa_hersteller-normpack","8":"pa_typ-p-p","10":"first","11":"instock","12":"sold-individually","13":"taxable","14":"shipping-taxable","15":"purchasable","16":"product-type-simple"},"jetpack_sharing_enabled":true,"_links":{"self":[{"href":"https:\/\/www.3p-gmbh.de\/fr\/wp-json\/wp\/v2\/product\/92378","targetHints":{"allow":["GET"]}}],"collection":[{"href":"https:\/\/www.3p-gmbh.de\/fr\/wp-json\/wp\/v2\/product"}],"about":[{"href":"https:\/\/www.3p-gmbh.de\/fr\/wp-json\/wp\/v2\/types\/product"}],"wp:featuredmedia":[{"embeddable":true,"href":"https:\/\/www.3p-gmbh.de\/fr\/wp-json\/wp\/v2\/media\/54313"}],"wp:attachment":[{"href":"https:\/\/www.3p-gmbh.de\/fr\/wp-json\/wp\/v2\/media?parent=92378"}],"wp:term":[{"taxonomy":"product_brand","embeddable":true,"href":"https:\/\/www.3p-gmbh.de\/fr\/wp-json\/wp\/v2\/product_brand?post=92378"},{"taxonomy":"product_cat","embeddable":true,"href":"https:\/\/www.3p-gmbh.de\/fr\/wp-json\/wp\/v2\/product_cat?post=92378"},{"taxonomy":"product_tag","embeddable":true,"href":"https:\/\/www.3p-gmbh.de\/fr\/wp-json\/wp\/v2\/product_tag?post=92378"}],"curies":[{"name":"wp","href":"https:\/\/api.w.org\/{rel}","templated":true}]}}