{"id":92366,"date":"2019-07-11T13:56:45","date_gmt":"2019-07-11T13:56:45","guid":{"rendered":"https:\/\/www.3p-gmbh.de\/produkt\/plieuse-a-quatre-plis-heidelberg-stahl-vfz-52-h\/"},"modified":"2019-07-11T13:56:45","modified_gmt":"2019-07-11T13:56:45","slug":"plieuse-a-quatre-plis","status":"publish","type":"product","link":"https:\/\/www.3p-gmbh.de\/fr\/produkt\/plieuse-a-quatre-plis\/","title":{"rendered":"Plieuse \u00e0 quatre plis Heidelberg Stahl VFZ-52 H"},"content":{"rendered":"<ul>\n<li>Max. Format : 52 x 36 cm<\/li>\n<li>Min. Format : 12 x 10 cm<\/li>\n<li>Vitesse : 160 m\/min<\/li>\n<li>Unit\u00e9 de pliage \u00e0 couteau mobile et r\u00e9glable en hauteur pour compl\u00e9ter les plieuses \u00e0 poches et les plieuses combin\u00e9es<\/li>\n<li>Un investissement minime pour un gain de polyvalence dans les types de pliage<\/li>\n<li>Comme troisi\u00e8me station de pliage pour une forme en U facile \u00e0 utiliser<\/li>\n<li>En faisant pivoter la plieuse \u00e0 couteau de 180 degr\u00e9s, le pliage international en quatre est r\u00e9alis\u00e9.<\/li>\n<li>pour le raccordement aux machines avec commande MCT avec fiche ronde<\/li>\n<li>Le raccordement derri\u00e8re une encarteuse-piqueuse en acier est possible gr\u00e2ce \u00e0 une bo\u00eete de couplage disponible en option.<\/li>\n<\/ul>\n","protected":false},"excerpt":{"rendered":"<p>Max. Format : 52 x 36 cm Min. Format : 12 x 10 cm Vitesse : 160 m\/min Unit\u00e9 de pliage \u00e0 couteau mobile et r\u00e9glable en hauteur pour compl\u00e9ter les plieuses \u00e0 poches et les plieuses combin\u00e9es Un investissement minime pour un gain de polyvalence dans les types de pliage Comme troisi\u00e8me station de [&hellip;]<\/p>\n","protected":false},"featured_media":61805,"template":"","meta":[],"product_brand":[],"product_cat":[2924],"product_tag":[],"class_list":{"0":"post-92366","1":"product","2":"type-product","3":"status-publish","4":"has-post-thumbnail","6":"product_cat-plieuses","7":"pa_baujahr-127","8":"pa_hersteller-heidelberg-stahl","9":"pa_typ-stahlfolder-vfz-52-h","11":"first","12":"instock","13":"sold-individually","14":"taxable","15":"shipping-taxable","16":"purchasable","17":"product-type-simple"},"jetpack_sharing_enabled":true,"_links":{"self":[{"href":"https:\/\/www.3p-gmbh.de\/fr\/wp-json\/wp\/v2\/product\/92366","targetHints":{"allow":["GET"]}}],"collection":[{"href":"https:\/\/www.3p-gmbh.de\/fr\/wp-json\/wp\/v2\/product"}],"about":[{"href":"https:\/\/www.3p-gmbh.de\/fr\/wp-json\/wp\/v2\/types\/product"}],"wp:featuredmedia":[{"embeddable":true,"href":"https:\/\/www.3p-gmbh.de\/fr\/wp-json\/wp\/v2\/media\/61805"}],"wp:attachment":[{"href":"https:\/\/www.3p-gmbh.de\/fr\/wp-json\/wp\/v2\/media?parent=92366"}],"wp:term":[{"taxonomy":"product_brand","embeddable":true,"href":"https:\/\/www.3p-gmbh.de\/fr\/wp-json\/wp\/v2\/product_brand?post=92366"},{"taxonomy":"product_cat","embeddable":true,"href":"https:\/\/www.3p-gmbh.de\/fr\/wp-json\/wp\/v2\/product_cat?post=92366"},{"taxonomy":"product_tag","embeddable":true,"href":"https:\/\/www.3p-gmbh.de\/fr\/wp-json\/wp\/v2\/product_tag?post=92366"}],"curies":[{"name":"wp","href":"https:\/\/api.w.org\/{rel}","templated":true}]}}