{"id":92362,"date":"2019-07-11T13:56:55","date_gmt":"2019-07-11T13:56:55","guid":{"rendered":"https:\/\/www.3p-gmbh.de\/produkt\/c-p-bourg-bst-10-n-tour-de-collecte-dair-aspire\/"},"modified":"2019-07-11T13:56:55","modified_gmt":"2019-07-11T13:56:55","slug":"tour-de-collecte-dair-aspire","status":"publish","type":"product","link":"https:\/\/www.3p-gmbh.de\/fr\/produkt\/tour-de-collecte-dair-aspire\/","title":{"rendered":"c. p. Bourg BST 10 N Tour de collecte d&rsquo;air aspir\u00e9"},"content":{"rendered":"<ul>\n<li>avec une position \u00e0 gauche pour les phrases rassembl\u00e9es<\/li>\n<li>avec d\u00e9calage TD-d<\/li>\n<li>avec air aspir\u00e9, commande par \u00e9cran tactile<\/li>\n<li>Format max. 35 x 52 cm<\/li>\n<li>Format min. 11,5 x 20 cm<\/li>\n<\/ul>\n","protected":false},"excerpt":{"rendered":"<p>avec une position \u00e0 gauche pour les phrases rassembl\u00e9es avec d\u00e9calage TD-d avec air aspir\u00e9, commande par \u00e9cran tactile Format max. 35 x 52 cm Format min. 11,5 x 20 cm<\/p>\n","protected":false},"featured_media":55836,"template":"","meta":[],"product_brand":[],"product_cat":[3046],"product_tag":[],"class_list":{"0":"post-92362","1":"product","2":"type-product","3":"status-publish","4":"has-post-thumbnail","6":"product_cat-assembleuses","7":"pa_baujahr-140","8":"pa_hersteller-c-p-bourg","9":"pa_typ-bst-10n","11":"first","12":"instock","13":"sold-individually","14":"taxable","15":"shipping-taxable","16":"purchasable","17":"product-type-simple"},"jetpack_sharing_enabled":true,"_links":{"self":[{"href":"https:\/\/www.3p-gmbh.de\/fr\/wp-json\/wp\/v2\/product\/92362","targetHints":{"allow":["GET"]}}],"collection":[{"href":"https:\/\/www.3p-gmbh.de\/fr\/wp-json\/wp\/v2\/product"}],"about":[{"href":"https:\/\/www.3p-gmbh.de\/fr\/wp-json\/wp\/v2\/types\/product"}],"wp:featuredmedia":[{"embeddable":true,"href":"https:\/\/www.3p-gmbh.de\/fr\/wp-json\/wp\/v2\/media\/55836"}],"wp:attachment":[{"href":"https:\/\/www.3p-gmbh.de\/fr\/wp-json\/wp\/v2\/media?parent=92362"}],"wp:term":[{"taxonomy":"product_brand","embeddable":true,"href":"https:\/\/www.3p-gmbh.de\/fr\/wp-json\/wp\/v2\/product_brand?post=92362"},{"taxonomy":"product_cat","embeddable":true,"href":"https:\/\/www.3p-gmbh.de\/fr\/wp-json\/wp\/v2\/product_cat?post=92362"},{"taxonomy":"product_tag","embeddable":true,"href":"https:\/\/www.3p-gmbh.de\/fr\/wp-json\/wp\/v2\/product_tag?post=92362"}],"curies":[{"name":"wp","href":"https:\/\/api.w.org\/{rel}","templated":true}]}}