{"id":92336,"date":"2019-07-11T13:56:55","date_gmt":"2019-07-11T13:56:55","guid":{"rendered":"https:\/\/www.3p-gmbh.de\/produkt\/c-p-bourg-modules-assembleuse\/"},"modified":"2019-07-11T13:56:55","modified_gmt":"2019-07-11T13:56:55","slug":"machine-dassemblage-5","status":"publish","type":"product","link":"https:\/\/www.3p-gmbh.de\/fr\/produkt\/machine-dassemblage-5\/","title":{"rendered":"c. p. Bourg Modules Assembleuse"},"content":{"rendered":"<ul>\n<li>7 margeurs automatiques \u00e0 haute pile (un d\u00e9fectueux) et un vibrateur \u00e0 d\u00e9calage TA 860<\/li>\n<li>Format de feuille Min : 140 x 175 mm<\/li>\n<li>Format de feuille Max : 350 x 500 mm<\/li>\n<li>Vitesse de 1.500 \u00e0 6.000 par heure<\/li>\n<\/ul>\n","protected":false},"excerpt":{"rendered":"<p>7 margeurs automatiques \u00e0 haute pile (un d\u00e9fectueux) et un vibrateur \u00e0 d\u00e9calage TA 860 Format de feuille Min : 140 x 175 mm Format de feuille Max : 350 x 500 mm Vitesse de 1.500 \u00e0 6.000 par heure<\/p>\n","protected":false},"featured_media":55856,"template":"","meta":[],"product_brand":[],"product_cat":[3046],"product_tag":[],"class_list":{"0":"post-92336","1":"product","2":"type-product","3":"status-publish","4":"has-post-thumbnail","6":"product_cat-assembleuses","7":"pa_baujahr-133","8":"pa_hersteller-c-p-bourg","9":"pa_typ-modulen","11":"first","12":"instock","13":"sold-individually","14":"taxable","15":"shipping-taxable","16":"purchasable","17":"product-type-simple"},"jetpack_sharing_enabled":true,"_links":{"self":[{"href":"https:\/\/www.3p-gmbh.de\/fr\/wp-json\/wp\/v2\/product\/92336","targetHints":{"allow":["GET"]}}],"collection":[{"href":"https:\/\/www.3p-gmbh.de\/fr\/wp-json\/wp\/v2\/product"}],"about":[{"href":"https:\/\/www.3p-gmbh.de\/fr\/wp-json\/wp\/v2\/types\/product"}],"wp:featuredmedia":[{"embeddable":true,"href":"https:\/\/www.3p-gmbh.de\/fr\/wp-json\/wp\/v2\/media\/55856"}],"wp:attachment":[{"href":"https:\/\/www.3p-gmbh.de\/fr\/wp-json\/wp\/v2\/media?parent=92336"}],"wp:term":[{"taxonomy":"product_brand","embeddable":true,"href":"https:\/\/www.3p-gmbh.de\/fr\/wp-json\/wp\/v2\/product_brand?post=92336"},{"taxonomy":"product_cat","embeddable":true,"href":"https:\/\/www.3p-gmbh.de\/fr\/wp-json\/wp\/v2\/product_cat?post=92336"},{"taxonomy":"product_tag","embeddable":true,"href":"https:\/\/www.3p-gmbh.de\/fr\/wp-json\/wp\/v2\/product_tag?post=92336"}],"curies":[{"name":"wp","href":"https:\/\/api.w.org\/{rel}","templated":true}]}}