{"id":92327,"date":"2019-07-11T13:56:55","date_gmt":"2019-07-11T13:56:55","guid":{"rendered":"https:\/\/www.3p-gmbh.de\/produkt\/horizon-st-20-table-dabaissement-de-la-pile\/"},"modified":"2019-07-11T13:56:55","modified_gmt":"2019-07-11T13:56:55","slug":"table-dabaissement-de-la-pile","status":"publish","type":"product","link":"https:\/\/www.3p-gmbh.de\/fr\/produkt\/table-dabaissement-de-la-pile\/","title":{"rendered":"Horizon ST-20 Table d&rsquo;abaissement de la pile"},"content":{"rendered":"<ul>\n<li>empile les panneaux finis derri\u00e8re des tours d&rsquo;assemblage, \u00e0 plat ou d\u00e9cal\u00e9s lat\u00e9ralement<\/li>\n<li>Format max. 310x450mm<\/li>\n<li>Format min. 128x185mm<\/li>\n<li>avec chariot de pr\u00e9sentation sur roulettes<\/li>\n<\/ul>\n","protected":false},"excerpt":{"rendered":"<p>empile les panneaux finis derri\u00e8re des tours d&rsquo;assemblage, \u00e0 plat ou d\u00e9cal\u00e9s lat\u00e9ralement Format max. 310x450mm Format min. 128x185mm avec chariot de pr\u00e9sentation sur roulettes<\/p>\n","protected":false},"featured_media":55840,"template":"","meta":[],"product_brand":[],"product_cat":[3046],"product_tag":[],"class_list":{"0":"post-92327","1":"product","2":"type-product","3":"status-publish","4":"has-post-thumbnail","6":"product_cat-assembleuses","7":"pa_baujahr-198","8":"pa_hersteller-horizon","9":"pa_typ-st-20","11":"first","12":"instock","13":"sold-individually","14":"taxable","15":"shipping-taxable","16":"purchasable","17":"product-type-simple"},"jetpack_sharing_enabled":true,"_links":{"self":[{"href":"https:\/\/www.3p-gmbh.de\/fr\/wp-json\/wp\/v2\/product\/92327","targetHints":{"allow":["GET"]}}],"collection":[{"href":"https:\/\/www.3p-gmbh.de\/fr\/wp-json\/wp\/v2\/product"}],"about":[{"href":"https:\/\/www.3p-gmbh.de\/fr\/wp-json\/wp\/v2\/types\/product"}],"wp:featuredmedia":[{"embeddable":true,"href":"https:\/\/www.3p-gmbh.de\/fr\/wp-json\/wp\/v2\/media\/55840"}],"wp:attachment":[{"href":"https:\/\/www.3p-gmbh.de\/fr\/wp-json\/wp\/v2\/media?parent=92327"}],"wp:term":[{"taxonomy":"product_brand","embeddable":true,"href":"https:\/\/www.3p-gmbh.de\/fr\/wp-json\/wp\/v2\/product_brand?post=92327"},{"taxonomy":"product_cat","embeddable":true,"href":"https:\/\/www.3p-gmbh.de\/fr\/wp-json\/wp\/v2\/product_cat?post=92327"},{"taxonomy":"product_tag","embeddable":true,"href":"https:\/\/www.3p-gmbh.de\/fr\/wp-json\/wp\/v2\/product_tag?post=92327"}],"curies":[{"name":"wp","href":"https:\/\/api.w.org\/{rel}","templated":true}]}}