{"id":92322,"date":"2019-07-11T13:57:02","date_gmt":"2019-07-11T13:57:02","guid":{"rendered":"https:\/\/www.3p-gmbh.de\/produkt\/ehlermann-ztm-222-machine-dassemblage-de-couches-de-signatures\/"},"modified":"2019-07-11T13:57:02","modified_gmt":"2019-07-11T13:57:02","slug":"machine-a-assembler-les-couches-de-signatures","status":"publish","type":"product","link":"https:\/\/www.3p-gmbh.de\/fr\/produkt\/machine-a-assembler-les-couches-de-signatures\/","title":{"rendered":"Ehlermann ZTM 222 Machine d&rsquo;assemblage de couches de signatures"},"content":{"rendered":"<ul>\n<li>Machine \u00e0 assembler les couches avec 14 stations et compl\u00e9ment manuel Ehlermann (successeur de Wohlenberg) ZTM 222<\/li>\n<li>avec contr\u00f4le des feuilles manquantes, contr\u00f4le de l&rsquo;\u00e9paisseur<\/li>\n<li>Ann\u00e9e de construction 1974, transform\u00e9e en 2000 en servocommande<\/li>\n<li>format max 320 x 360 mm<\/li>\n<li>format min 70 x 105 mm<\/li>\n<li>Vitesse 5100 cycles<\/li>\n<\/ul>\n","protected":false},"excerpt":{"rendered":"<p>Machine \u00e0 assembler les couches avec 14 stations et compl\u00e9ment manuel Ehlermann (successeur de Wohlenberg) ZTM 222 avec contr\u00f4le des feuilles manquantes, contr\u00f4le de l&rsquo;\u00e9paisseur Ann\u00e9e de construction 1974, transform\u00e9e en 2000 en servocommande format max 320 x 360 mm format min 70 x 105 mm Vitesse 5100 cycles<\/p>\n","protected":false},"featured_media":55892,"template":"","meta":[],"product_brand":[],"product_cat":[3046],"product_tag":[],"class_list":{"0":"post-92322","1":"product","2":"type-product","3":"status-publish","4":"has-post-thumbnail","6":"product_cat-assembleuses","7":"pa_baujahr-1066","8":"pa_hersteller-ehlermann-wohlenberg","9":"pa_typ-ztm-222","11":"first","12":"instock","13":"sold-individually","14":"taxable","15":"shipping-taxable","16":"purchasable","17":"product-type-simple"},"jetpack_sharing_enabled":true,"_links":{"self":[{"href":"https:\/\/www.3p-gmbh.de\/fr\/wp-json\/wp\/v2\/product\/92322","targetHints":{"allow":["GET"]}}],"collection":[{"href":"https:\/\/www.3p-gmbh.de\/fr\/wp-json\/wp\/v2\/product"}],"about":[{"href":"https:\/\/www.3p-gmbh.de\/fr\/wp-json\/wp\/v2\/types\/product"}],"wp:featuredmedia":[{"embeddable":true,"href":"https:\/\/www.3p-gmbh.de\/fr\/wp-json\/wp\/v2\/media\/55892"}],"wp:attachment":[{"href":"https:\/\/www.3p-gmbh.de\/fr\/wp-json\/wp\/v2\/media?parent=92322"}],"wp:term":[{"taxonomy":"product_brand","embeddable":true,"href":"https:\/\/www.3p-gmbh.de\/fr\/wp-json\/wp\/v2\/product_brand?post=92322"},{"taxonomy":"product_cat","embeddable":true,"href":"https:\/\/www.3p-gmbh.de\/fr\/wp-json\/wp\/v2\/product_cat?post=92322"},{"taxonomy":"product_tag","embeddable":true,"href":"https:\/\/www.3p-gmbh.de\/fr\/wp-json\/wp\/v2\/product_tag?post=92322"}],"curies":[{"name":"wp","href":"https:\/\/api.w.org\/{rel}","templated":true}]}}