{"id":92306,"date":"2019-07-11T13:57:04","date_gmt":"2019-07-11T13:57:04","guid":{"rendered":"https:\/\/www.3p-gmbh.de\/produkt\/schmedt-praecoll-lumbeckreliure-adhesive-en-eventail\/"},"modified":"2019-07-11T13:57:04","modified_gmt":"2019-07-11T13:57:04","slug":"lumbeck-faecherklebinder","status":"publish","type":"product","link":"https:\/\/www.3p-gmbh.de\/fr\/produkt\/lumbeck-faecherklebinder\/","title":{"rendered":"Schmedt Pr\u00e4Coll LumbeckReliure adh\u00e9sive en \u00e9ventail"},"content":{"rendered":"<p>Bassin de Lum &#8211; Reliure par collage en \u00e9ventail avec l&rsquo;appareil \u00e0 relier Schmedt Pr\u00e4Coll<\/p>\n<ul>\n<li>avec encolleuse int\u00e9gr\u00e9e, plaque vibrante et bois ronds<\/li>\n<li>avec 6 agrafes de s\u00e9chage (agrafes rapides)<\/li>\n<li>max. \u00c9paisseur du bloc de livre : env. 80 mm<\/li>\n<li>max. hauteur du bloc : 345 mm<\/li>\n<li>230 V<\/li>\n<\/ul>\n","protected":false},"excerpt":{"rendered":"<p>Bassin de Lum &#8211; Reliure par collage en \u00e9ventail avec l&rsquo;appareil \u00e0 relier Schmedt Pr\u00e4Coll avec encolleuse int\u00e9gr\u00e9e, plaque vibrante et bois ronds avec 6 agrafes de s\u00e9chage (agrafes rapides) max. \u00c9paisseur du bloc de livre : env. 80 mm max. hauteur du bloc : 345 mm 230 V<\/p>\n","protected":false},"featured_media":92307,"template":"","meta":[],"product_brand":[],"product_cat":[2890],"product_tag":[],"class_list":{"0":"post-92306","1":"product","2":"type-product","3":"status-publish","4":"has-post-thumbnail","6":"product_cat-reliure-dassortiment","7":"pa_hersteller-schmedt","8":"pa_typ-praecoll","10":"first","11":"instock","12":"sold-individually","13":"taxable","14":"shipping-taxable","15":"purchasable","16":"product-type-simple"},"jetpack_sharing_enabled":true,"_links":{"self":[{"href":"https:\/\/www.3p-gmbh.de\/fr\/wp-json\/wp\/v2\/product\/92306","targetHints":{"allow":["GET"]}}],"collection":[{"href":"https:\/\/www.3p-gmbh.de\/fr\/wp-json\/wp\/v2\/product"}],"about":[{"href":"https:\/\/www.3p-gmbh.de\/fr\/wp-json\/wp\/v2\/types\/product"}],"wp:featuredmedia":[{"embeddable":true,"href":"https:\/\/www.3p-gmbh.de\/fr\/wp-json\/wp\/v2\/media\/92307"}],"wp:attachment":[{"href":"https:\/\/www.3p-gmbh.de\/fr\/wp-json\/wp\/v2\/media?parent=92306"}],"wp:term":[{"taxonomy":"product_brand","embeddable":true,"href":"https:\/\/www.3p-gmbh.de\/fr\/wp-json\/wp\/v2\/product_brand?post=92306"},{"taxonomy":"product_cat","embeddable":true,"href":"https:\/\/www.3p-gmbh.de\/fr\/wp-json\/wp\/v2\/product_cat?post=92306"},{"taxonomy":"product_tag","embeddable":true,"href":"https:\/\/www.3p-gmbh.de\/fr\/wp-json\/wp\/v2\/product_tag?post=92306"}],"curies":[{"name":"wp","href":"https:\/\/api.w.org\/{rel}","templated":true}]}}