{"id":92283,"date":"2019-07-11T13:57:04","date_gmt":"2019-07-11T13:57:04","guid":{"rendered":"https:\/\/www.3p-gmbh.de\/produkt\/ligne-dencollage-de-blocs-muero-4-x-5000-a\/"},"modified":"2019-07-11T13:57:04","modified_gmt":"2019-07-11T13:57:04","slug":"installation-de-collage-de-blocs","status":"publish","type":"product","link":"https:\/\/www.3p-gmbh.de\/fr\/produkt\/installation-de-collage-de-blocs\/","title":{"rendered":"Ligne d&rsquo;encollage de blocs M\u00fcro 4 x 5000 A"},"content":{"rendered":"<ul>\n<li>pour la production en masse de jeux de formulaires, de brochures, de catalogues, de cartes de pesage, de calendriers, de sous-mains en blocs, de blocs de secours, de blocs de quittance, de blocs d&rsquo;\u00e9criture et de cubes de notes<\/li>\n<li>4 presses d&rsquo;une hauteur d&#8217;empilage de 50 cm chacune sur une plaque de base rotative, d&rsquo;o\u00f9 une grande capacit\u00e9 de r\u00e9ception et un mode de travail continu<\/li>\n<li>Empilage pr\u00e9cis et rapide en position inclin\u00e9e des presses<\/li>\n<li>pendant qu&rsquo;une presse est aliment\u00e9e, le mat\u00e9riau \u00e0 lier s\u00e8che et refroidit d\u00e9j\u00e0 dans les autres presses<\/li>\n<li>pression de pressage variable &#8211; important pour l&rsquo;encollage auto-s\u00e9parant de jeux de formulaires ainsi que pour le fraisage de rainures de brochures et de cartes de pesage<\/li>\n<li>hauteur de la pile : 52,5cm<\/li>\n<li>Largeur de la presse : 35 cm<\/li>\n<li>Profondeur de la presse : 32 cm<\/li>\n<li>espace n\u00e9cessaire en action : env.1,4 x 1,4 m<\/li>\n<\/ul>\n","protected":false},"excerpt":{"rendered":"<p>pour la production en masse de jeux de formulaires, de brochures, de catalogues, de cartes de pesage, de calendriers, de sous-mains en blocs, de blocs de secours, de blocs de quittance, de blocs d&rsquo;\u00e9criture et de cubes de notes 4 presses d&rsquo;une hauteur d&#8217;empilage de 50 cm chacune sur une plaque de base rotative, d&rsquo;o\u00f9 [&hellip;]<\/p>\n","protected":false},"featured_media":55943,"template":"","meta":[],"product_brand":[],"product_cat":[2890],"product_tag":[],"class_list":{"0":"post-92283","1":"product","2":"type-product","3":"status-publish","4":"has-post-thumbnail","6":"product_cat-reliure-dassortiment","7":"pa_baujahr-198","8":"pa_hersteller-muero","9":"pa_typ-4-x-5000-a","11":"first","12":"instock","13":"sold-individually","14":"taxable","15":"shipping-taxable","16":"purchasable","17":"product-type-simple"},"jetpack_sharing_enabled":true,"_links":{"self":[{"href":"https:\/\/www.3p-gmbh.de\/fr\/wp-json\/wp\/v2\/product\/92283","targetHints":{"allow":["GET"]}}],"collection":[{"href":"https:\/\/www.3p-gmbh.de\/fr\/wp-json\/wp\/v2\/product"}],"about":[{"href":"https:\/\/www.3p-gmbh.de\/fr\/wp-json\/wp\/v2\/types\/product"}],"wp:featuredmedia":[{"embeddable":true,"href":"https:\/\/www.3p-gmbh.de\/fr\/wp-json\/wp\/v2\/media\/55943"}],"wp:attachment":[{"href":"https:\/\/www.3p-gmbh.de\/fr\/wp-json\/wp\/v2\/media?parent=92283"}],"wp:term":[{"taxonomy":"product_brand","embeddable":true,"href":"https:\/\/www.3p-gmbh.de\/fr\/wp-json\/wp\/v2\/product_brand?post=92283"},{"taxonomy":"product_cat","embeddable":true,"href":"https:\/\/www.3p-gmbh.de\/fr\/wp-json\/wp\/v2\/product_cat?post=92283"},{"taxonomy":"product_tag","embeddable":true,"href":"https:\/\/www.3p-gmbh.de\/fr\/wp-json\/wp\/v2\/product_tag?post=92283"}],"curies":[{"name":"wp","href":"https:\/\/api.w.org\/{rel}","templated":true}]}}