{"id":92280,"date":"2019-07-11T13:57:04","date_gmt":"2019-07-11T13:57:04","guid":{"rendered":"https:\/\/www.3p-gmbh.de\/produkt\/machine-a-entrainer-sumbel-regent-1000\/"},"modified":"2019-07-11T13:57:04","modified_gmt":"2019-07-11T13:57:04","slug":"machine-dentrainement","status":"publish","type":"product","link":"https:\/\/www.3p-gmbh.de\/fr\/produkt\/machine-dentrainement\/","title":{"rendered":"Machine \u00e0 entra\u00eener Sumbel Regent 1000"},"content":{"rendered":"<ul>\n<li>Machine d&rsquo;entra\u00eenement pour tous les travaux d&rsquo;enrobage et de contrecollage pour un pressage rapide, propre et r\u00e9gulier des couvertures de livres, des chemises, des affiches, des pr\u00e9sentoirs, etc.<\/li>\n<li>Vitesse r\u00e9glable en continu<\/li>\n<li>Entra\u00eenement par moteur 230 V<\/li>\n<li>r\u00e9glage des \u00e9paisseurs de mat\u00e9riau de 0 \u00e0 30 mm avec r\u00e9glage fin suppl\u00e9mentaire de la pression de serrage<\/li>\n<li>Largeur du rouleau 1000 mm<\/li>\n<\/ul>\n","protected":false},"excerpt":{"rendered":"<p>Machine d&rsquo;entra\u00eenement pour tous les travaux d&rsquo;enrobage et de contrecollage pour un pressage rapide, propre et r\u00e9gulier des couvertures de livres, des chemises, des affiches, des pr\u00e9sentoirs, etc. Vitesse r\u00e9glable en continu Entra\u00eenement par moteur 230 V r\u00e9glage des \u00e9paisseurs de mat\u00e9riau de 0 \u00e0 30 mm avec r\u00e9glage fin suppl\u00e9mentaire de la pression de [&hellip;]<\/p>\n","protected":false},"featured_media":55946,"template":"","meta":[],"product_brand":[],"product_cat":[2890],"product_tag":[],"class_list":{"0":"post-92280","1":"product","2":"type-product","3":"status-publish","4":"has-post-thumbnail","6":"product_cat-reliure-dassortiment","7":"pa_baujahr-153","8":"pa_hersteller-sumbel-herold","9":"pa_typ-regent-1000","11":"first","12":"instock","13":"sold-individually","14":"taxable","15":"shipping-taxable","16":"purchasable","17":"product-type-simple"},"jetpack_sharing_enabled":true,"_links":{"self":[{"href":"https:\/\/www.3p-gmbh.de\/fr\/wp-json\/wp\/v2\/product\/92280","targetHints":{"allow":["GET"]}}],"collection":[{"href":"https:\/\/www.3p-gmbh.de\/fr\/wp-json\/wp\/v2\/product"}],"about":[{"href":"https:\/\/www.3p-gmbh.de\/fr\/wp-json\/wp\/v2\/types\/product"}],"wp:featuredmedia":[{"embeddable":true,"href":"https:\/\/www.3p-gmbh.de\/fr\/wp-json\/wp\/v2\/media\/55946"}],"wp:attachment":[{"href":"https:\/\/www.3p-gmbh.de\/fr\/wp-json\/wp\/v2\/media?parent=92280"}],"wp:term":[{"taxonomy":"product_brand","embeddable":true,"href":"https:\/\/www.3p-gmbh.de\/fr\/wp-json\/wp\/v2\/product_brand?post=92280"},{"taxonomy":"product_cat","embeddable":true,"href":"https:\/\/www.3p-gmbh.de\/fr\/wp-json\/wp\/v2\/product_cat?post=92280"},{"taxonomy":"product_tag","embeddable":true,"href":"https:\/\/www.3p-gmbh.de\/fr\/wp-json\/wp\/v2\/product_tag?post=92280"}],"curies":[{"name":"wp","href":"https:\/\/api.w.org\/{rel}","templated":true}]}}