{"id":92275,"date":"2019-07-11T13:57:04","date_gmt":"2019-07-11T13:57:04","guid":{"rendered":"https:\/\/www.3p-gmbh.de\/produkt\/perceuse-a-papier-constantin-hang-114-4\/"},"modified":"2019-07-11T13:57:04","modified_gmt":"2019-07-11T13:57:04","slug":"perceuse-a-papier","status":"publish","type":"product","link":"https:\/\/www.3p-gmbh.de\/fr\/produkt\/perceuse-a-papier\/","title":{"rendered":"Perceuse \u00e0 papier Constantin Hang 114-4"},"content":{"rendered":"<ul>\n<li>avec table de tabulation<\/li>\n<li>avec des niveaux de vitesse de levage de table<\/li>\n<li>quatre t\u00eates de forage install\u00e9es, extension possible \u00e0 cinq<\/li>\n<li>Plage de per\u00e7age de 3 \u00e0 10 mm (14 mm en option)<\/li>\n<li>Distance de per\u00e7age r\u00e9glable<\/li>\n<li>Machine mobile sur roulettes<\/li>\n<\/ul>\n","protected":false},"excerpt":{"rendered":"<p>avec table de tabulation avec des niveaux de vitesse de levage de table quatre t\u00eates de forage install\u00e9es, extension possible \u00e0 cinq Plage de per\u00e7age de 3 \u00e0 10 mm (14 mm en option) Distance de per\u00e7age r\u00e9glable Machine mobile sur roulettes<\/p>\n","protected":false},"featured_media":55925,"template":"","meta":[],"product_brand":[],"product_cat":[2957],"product_tag":[],"class_list":{"0":"post-92275","1":"product","2":"type-product","3":"status-publish","4":"has-post-thumbnail","6":"product_cat-perceuses-a-papier","7":"pa_baujahr-165","8":"pa_hersteller-constantin-hang","9":"pa_typ-114-4","11":"first","12":"instock","13":"sold-individually","14":"taxable","15":"shipping-taxable","16":"purchasable","17":"product-type-simple"},"jetpack_sharing_enabled":true,"_links":{"self":[{"href":"https:\/\/www.3p-gmbh.de\/fr\/wp-json\/wp\/v2\/product\/92275","targetHints":{"allow":["GET"]}}],"collection":[{"href":"https:\/\/www.3p-gmbh.de\/fr\/wp-json\/wp\/v2\/product"}],"about":[{"href":"https:\/\/www.3p-gmbh.de\/fr\/wp-json\/wp\/v2\/types\/product"}],"wp:featuredmedia":[{"embeddable":true,"href":"https:\/\/www.3p-gmbh.de\/fr\/wp-json\/wp\/v2\/media\/55925"}],"wp:attachment":[{"href":"https:\/\/www.3p-gmbh.de\/fr\/wp-json\/wp\/v2\/media?parent=92275"}],"wp:term":[{"taxonomy":"product_brand","embeddable":true,"href":"https:\/\/www.3p-gmbh.de\/fr\/wp-json\/wp\/v2\/product_brand?post=92275"},{"taxonomy":"product_cat","embeddable":true,"href":"https:\/\/www.3p-gmbh.de\/fr\/wp-json\/wp\/v2\/product_cat?post=92275"},{"taxonomy":"product_tag","embeddable":true,"href":"https:\/\/www.3p-gmbh.de\/fr\/wp-json\/wp\/v2\/product_tag?post=92275"}],"curies":[{"name":"wp","href":"https:\/\/api.w.org\/{rel}","templated":true}]}}