{"id":92274,"date":"2019-07-11T13:57:04","date_gmt":"2019-07-11T13:57:04","guid":{"rendered":"https:\/\/www.3p-gmbh.de\/produkt\/horizon-ht-30-autom-trancheuse-rotative-a-trois-lames\/"},"modified":"2019-07-11T13:57:04","modified_gmt":"2019-07-11T13:57:04","slug":"coupeuse-automatique-rotative-a-trois-lames-2","status":"publish","type":"product","link":"https:\/\/www.3p-gmbh.de\/fr\/produkt\/coupeuse-automatique-rotative-a-trois-lames-2\/","title":{"rendered":"Horizon HT-30 autom. Trancheuse rotative \u00e0 trois lames"},"content":{"rendered":"<p>Sa rentabilit\u00e9 fait de cette d\u00e9coupeuse trilat\u00e9rale une v\u00e9ritable alternative aux machines automatiques \u00e0 trois lames pour le traitement hors ligne de petits tirages. Il travaille de mani\u00e8re totalement autonome et sans supervision. Il suffit d&rsquo;entrer les formats de livres sur l&rsquo;\u00e9cran tactile, ainsi que le nombre de livres pour l&rsquo;op\u00e9ration &#8211; la machine fait le reste.<br \/>\nLe HT-30 coupe les livres sur trois c\u00f4t\u00e9s : proprement, avec pr\u00e9cision &#8211; avec un seul couteau, toujours sans endommager la reliure.<\/p>\n<ul>\n<li>avec commande Touch &amp; Work Display<\/li>\n<li>Vitesse 220 &#8211; 520 cycles\/h<\/li>\n<li>Pression d&rsquo;application 1,5 &#8211; 8 kN<\/li>\n<li>Dimensions de la machine 2.350 x 1.160 x 1.370 mm (L x P x H)<\/li>\n<li>max. Format non coup\u00e9 320 x 235 mm<\/li>\n<li>min. format non mont\u00e9 200 x 134 mm<\/li>\n<li>max. Format recadr\u00e9 305 x 230 mm<\/li>\n<li>min. format d\u00e9coup\u00e9 200 x 134 mm<\/li>\n<li>max. \u00c9paisseur du bloc 51mm<\/li>\n<\/ul>\n","protected":false},"excerpt":{"rendered":"<p>Sa rentabilit\u00e9 fait de cette d\u00e9coupeuse trilat\u00e9rale une v\u00e9ritable alternative aux machines automatiques \u00e0 trois lames pour le traitement hors ligne de petits tirages. Il travaille de mani\u00e8re totalement autonome et sans supervision. Il suffit d&rsquo;entrer les formats de livres sur l&rsquo;\u00e9cran tactile, ainsi que le nombre de livres pour l&rsquo;op\u00e9ration &#8211; la machine fait [&hellip;]<\/p>\n","protected":false},"featured_media":55911,"template":"","meta":[],"product_brand":[],"product_cat":[3016],"product_tag":[],"class_list":{"0":"post-92274","1":"product","2":"type-product","3":"status-publish","4":"has-post-thumbnail","6":"product_cat-machines-de-decoupe","7":"pa_baujahr-168","8":"pa_hersteller-horizon","9":"pa_typ-ht-30","11":"first","12":"instock","13":"sold-individually","14":"taxable","15":"shipping-taxable","16":"purchasable","17":"product-type-simple"},"jetpack_sharing_enabled":true,"_links":{"self":[{"href":"https:\/\/www.3p-gmbh.de\/fr\/wp-json\/wp\/v2\/product\/92274","targetHints":{"allow":["GET"]}}],"collection":[{"href":"https:\/\/www.3p-gmbh.de\/fr\/wp-json\/wp\/v2\/product"}],"about":[{"href":"https:\/\/www.3p-gmbh.de\/fr\/wp-json\/wp\/v2\/types\/product"}],"wp:featuredmedia":[{"embeddable":true,"href":"https:\/\/www.3p-gmbh.de\/fr\/wp-json\/wp\/v2\/media\/55911"}],"wp:attachment":[{"href":"https:\/\/www.3p-gmbh.de\/fr\/wp-json\/wp\/v2\/media?parent=92274"}],"wp:term":[{"taxonomy":"product_brand","embeddable":true,"href":"https:\/\/www.3p-gmbh.de\/fr\/wp-json\/wp\/v2\/product_brand?post=92274"},{"taxonomy":"product_cat","embeddable":true,"href":"https:\/\/www.3p-gmbh.de\/fr\/wp-json\/wp\/v2\/product_cat?post=92274"},{"taxonomy":"product_tag","embeddable":true,"href":"https:\/\/www.3p-gmbh.de\/fr\/wp-json\/wp\/v2\/product_tag?post=92274"}],"curies":[{"name":"wp","href":"https:\/\/api.w.org\/{rel}","templated":true}]}}