{"id":92266,"date":"2019-07-11T13:57:04","date_gmt":"2019-07-11T13:57:04","guid":{"rendered":"https:\/\/www.3p-gmbh.de\/produkt\/sperr-lechner-splek-hydromat-coupeuse-a-trois-lames\/"},"modified":"2019-07-11T13:57:04","modified_gmt":"2019-07-11T13:57:04","slug":"machine-a-trois-couteaux","status":"publish","type":"product","link":"https:\/\/www.3p-gmbh.de\/fr\/produkt\/machine-a-trois-couteaux\/","title":{"rendered":"Sperr &amp; Lechner Splek Hydromat coupeuse \u00e0 trois lames"},"content":{"rendered":"<ul>\n<li>Automate \u00e0 trois lames avec option de rognage sur 4 c\u00f4t\u00e9s<\/li>\n<li>Ann\u00e9e de construction 1999<\/li>\n<li>peu d&rsquo;heures de fonctionnement<\/li>\n<li>Plage de formats max. 460&#215;350 mm, min. 70&#215;50 mm<\/li>\n<li>Hauteur d&#8217;empilage : max. 120 mm<\/li>\n<li>Performance : jusqu&rsquo;\u00e0 25 cycles\/min.<\/li>\n<\/ul>\n","protected":false},"excerpt":{"rendered":"<p>Automate \u00e0 trois lames avec option de rognage sur 4 c\u00f4t\u00e9s Ann\u00e9e de construction 1999 peu d&rsquo;heures de fonctionnement Plage de formats max. 460&#215;350 mm, min. 70&#215;50 mm Hauteur d&#8217;empilage : max. 120 mm Performance : jusqu&rsquo;\u00e0 25 cycles\/min.<\/p>\n","protected":false},"featured_media":57007,"template":"","meta":[],"product_brand":[],"product_cat":[3016],"product_tag":[],"class_list":{"0":"post-92266","1":"product","2":"type-product","3":"status-publish","4":"has-post-thumbnail","6":"product_cat-machines-de-decoupe","7":"pa_baujahr-158","8":"pa_hersteller-sperr-lechner","9":"pa_typ-splek-hydromat","11":"first","12":"instock","13":"sold-individually","14":"taxable","15":"shipping-taxable","16":"purchasable","17":"product-type-simple"},"jetpack_sharing_enabled":true,"_links":{"self":[{"href":"https:\/\/www.3p-gmbh.de\/fr\/wp-json\/wp\/v2\/product\/92266","targetHints":{"allow":["GET"]}}],"collection":[{"href":"https:\/\/www.3p-gmbh.de\/fr\/wp-json\/wp\/v2\/product"}],"about":[{"href":"https:\/\/www.3p-gmbh.de\/fr\/wp-json\/wp\/v2\/types\/product"}],"wp:featuredmedia":[{"embeddable":true,"href":"https:\/\/www.3p-gmbh.de\/fr\/wp-json\/wp\/v2\/media\/57007"}],"wp:attachment":[{"href":"https:\/\/www.3p-gmbh.de\/fr\/wp-json\/wp\/v2\/media?parent=92266"}],"wp:term":[{"taxonomy":"product_brand","embeddable":true,"href":"https:\/\/www.3p-gmbh.de\/fr\/wp-json\/wp\/v2\/product_brand?post=92266"},{"taxonomy":"product_cat","embeddable":true,"href":"https:\/\/www.3p-gmbh.de\/fr\/wp-json\/wp\/v2\/product_cat?post=92266"},{"taxonomy":"product_tag","embeddable":true,"href":"https:\/\/www.3p-gmbh.de\/fr\/wp-json\/wp\/v2\/product_tag?post=92266"}],"curies":[{"name":"wp","href":"https:\/\/api.w.org\/{rel}","templated":true}]}}