{"id":92260,"date":"2019-07-11T13:57:04","date_gmt":"2019-07-11T13:57:04","guid":{"rendered":"https:\/\/www.3p-gmbh.de\/produkt\/renz-combi-s-machine-a-decouper-et-a-relier\/"},"modified":"2019-07-11T13:57:04","modified_gmt":"2019-07-11T13:57:04","slug":"machine-a-relier-par-decoupage-plastique","status":"publish","type":"product","link":"https:\/\/www.3p-gmbh.de\/fr\/produkt\/machine-a-relier-par-decoupage-plastique\/","title":{"rendered":"Renz Combi S Machine \u00e0 d\u00e9couper et \u00e0 relier"},"content":{"rendered":"<ul>\n<li>Relieur plastique DIN A4<\/li>\n<li>Capacit\u00e9 de 500 feuilles<\/li>\n<li>Largeur de travail : A4 (340 mm)<\/li>\n<li>Capacit\u00e9 de reliure : 500 feuilles<\/li>\n<li>capacit\u00e9 de perforation : 25 feuilles<\/li>\n<li>division : division US pour 21 anneaux (max. 24 anneaux)<\/li>\n<li>max. Diam\u00e8tre du dos de la reliure : 50 mm<\/li>\n<li>But\u00e9e lat\u00e9rale du papier : variable<\/li>\n<li>leviers de poin\u00e7onnage pouvant \u00eatre d\u00e9sactiv\u00e9s individuellement<\/li>\n<li>distance de bordure r\u00e9glable<\/li>\n<li>Dispositif de mesure de documents<\/li>\n<li>Bac \u00e0 d\u00e9chets de poin\u00e7onnage<\/li>\n<li>ajout ult\u00e9rieur<\/li>\n<li>Possibilit\u00e9 d&rsquo;\u00e9changer et de supprimer des pages<\/li>\n<\/ul>\n","protected":false},"excerpt":{"rendered":"<p>Relieur plastique DIN A4 Capacit\u00e9 de 500 feuilles Largeur de travail : A4 (340 mm) Capacit\u00e9 de reliure : 500 feuilles capacit\u00e9 de perforation : 25 feuilles division : division US pour 21 anneaux (max. 24 anneaux) max. Diam\u00e8tre du dos de la reliure : 50 mm But\u00e9e lat\u00e9rale du papier : variable leviers de [&hellip;]<\/p>\n","protected":false},"featured_media":55900,"template":"","meta":[],"product_brand":[],"product_cat":[2852],"product_tag":[],"class_list":{"0":"post-92260","1":"product","2":"type-product","3":"status-publish","4":"has-post-thumbnail","6":"product_cat-machines-a-relier-par-fil","7":"pa_baujahr-137","8":"pa_hersteller-christian-renz","9":"pa_typ-combi-s","11":"first","12":"instock","13":"sold-individually","14":"taxable","15":"shipping-taxable","16":"purchasable","17":"product-type-simple"},"jetpack_sharing_enabled":true,"_links":{"self":[{"href":"https:\/\/www.3p-gmbh.de\/fr\/wp-json\/wp\/v2\/product\/92260","targetHints":{"allow":["GET"]}}],"collection":[{"href":"https:\/\/www.3p-gmbh.de\/fr\/wp-json\/wp\/v2\/product"}],"about":[{"href":"https:\/\/www.3p-gmbh.de\/fr\/wp-json\/wp\/v2\/types\/product"}],"wp:featuredmedia":[{"embeddable":true,"href":"https:\/\/www.3p-gmbh.de\/fr\/wp-json\/wp\/v2\/media\/55900"}],"wp:attachment":[{"href":"https:\/\/www.3p-gmbh.de\/fr\/wp-json\/wp\/v2\/media?parent=92260"}],"wp:term":[{"taxonomy":"product_brand","embeddable":true,"href":"https:\/\/www.3p-gmbh.de\/fr\/wp-json\/wp\/v2\/product_brand?post=92260"},{"taxonomy":"product_cat","embeddable":true,"href":"https:\/\/www.3p-gmbh.de\/fr\/wp-json\/wp\/v2\/product_cat?post=92260"},{"taxonomy":"product_tag","embeddable":true,"href":"https:\/\/www.3p-gmbh.de\/fr\/wp-json\/wp\/v2\/product_tag?post=92260"}],"curies":[{"name":"wp","href":"https:\/\/api.w.org\/{rel}","templated":true}]}}