{"id":92248,"date":"2019-07-11T13:57:16","date_gmt":"2019-07-11T13:57:16","guid":{"rendered":"https:\/\/www.3p-gmbh.de\/produkt\/leve-palettes-evert-butler-1200\/"},"modified":"2019-07-11T13:57:16","modified_gmt":"2019-07-11T13:57:16","slug":"leve-palettes","status":"publish","type":"product","link":"https:\/\/www.3p-gmbh.de\/fr\/produkt\/leve-palettes\/","title":{"rendered":"L\u00e8ve-palettes Evert Butler 1200"},"content":{"rendered":"<ul>\n<li>maintient les palettes \u00e0 la hauteur de travail optimale<\/li>\n<li>La mont\u00e9e et la descente s&rsquo;effectuent \u00e0 l&rsquo;aide de boutons-poussoirs \u00e0 impulsion<\/li>\n<li>les roulettes permettent un transport facile jusqu&rsquo;au poste de travail<\/li>\n<li>longueur de fourche 1100 mm, convient aux europalettes standard<\/li>\n<li>poids propre : 330 kg<\/li>\n<li>capacit\u00e9 de charge : 1200 kg<\/li>\n<li>Hauteur de levage : 1000 mm<\/li>\n<li>alimentation \u00e9lectrique : 380 V<\/li>\n<\/ul>\n","protected":false},"excerpt":{"rendered":"<p>maintient les palettes \u00e0 la hauteur de travail optimale La mont\u00e9e et la descente s&rsquo;effectuent \u00e0 l&rsquo;aide de boutons-poussoirs \u00e0 impulsion les roulettes permettent un transport facile jusqu&rsquo;au poste de travail longueur de fourche 1100 mm, convient aux europalettes standard poids propre : 330 kg capacit\u00e9 de charge : 1200 kg Hauteur de levage : [&hellip;]<\/p>\n","protected":false},"featured_media":56018,"template":"","meta":[],"product_brand":[],"product_cat":[2977],"product_tag":[],"class_list":{"0":"post-92248","1":"product","2":"type-product","3":"status-publish","4":"has-post-thumbnail","6":"product_cat-elevateurs-de-piles-et-gerbeurs","7":"pa_baujahr-266","8":"pa_hersteller-evert","9":"pa_typ-butler-1200","11":"first","12":"instock","13":"sold-individually","14":"taxable","15":"shipping-taxable","16":"purchasable","17":"product-type-simple"},"jetpack_sharing_enabled":true,"_links":{"self":[{"href":"https:\/\/www.3p-gmbh.de\/fr\/wp-json\/wp\/v2\/product\/92248","targetHints":{"allow":["GET"]}}],"collection":[{"href":"https:\/\/www.3p-gmbh.de\/fr\/wp-json\/wp\/v2\/product"}],"about":[{"href":"https:\/\/www.3p-gmbh.de\/fr\/wp-json\/wp\/v2\/types\/product"}],"wp:featuredmedia":[{"embeddable":true,"href":"https:\/\/www.3p-gmbh.de\/fr\/wp-json\/wp\/v2\/media\/56018"}],"wp:attachment":[{"href":"https:\/\/www.3p-gmbh.de\/fr\/wp-json\/wp\/v2\/media?parent=92248"}],"wp:term":[{"taxonomy":"product_brand","embeddable":true,"href":"https:\/\/www.3p-gmbh.de\/fr\/wp-json\/wp\/v2\/product_brand?post=92248"},{"taxonomy":"product_cat","embeddable":true,"href":"https:\/\/www.3p-gmbh.de\/fr\/wp-json\/wp\/v2\/product_cat?post=92248"},{"taxonomy":"product_tag","embeddable":true,"href":"https:\/\/www.3p-gmbh.de\/fr\/wp-json\/wp\/v2\/product_tag?post=92248"}],"curies":[{"name":"wp","href":"https:\/\/api.w.org\/{rel}","templated":true}]}}