{"id":92243,"date":"2019-07-11T13:57:16","date_gmt":"2019-07-11T13:57:16","guid":{"rendered":"https:\/\/www.3p-gmbh.de\/produkt\/duerselen-corta-pb-04-perceuse-a-papier-a-quatre-broches\/"},"modified":"2019-07-11T13:57:16","modified_gmt":"2019-07-11T13:57:16","slug":"perceuse-a-papier-industrielle-a-quatre-broches","status":"publish","type":"product","link":"https:\/\/www.3p-gmbh.de\/fr\/produkt\/perceuse-a-papier-industrielle-a-quatre-broches\/","title":{"rendered":"D\u00fcrselen Corta PB-04 Perceuse \u00e0 papier \u00e0 quatre broches"},"content":{"rendered":"<p><strong>Perceuse \u00e0 papier \u00e0 4 broches D\u00fcrselen PB 04 avec refroidissement du foret<\/strong><br \/>\n<strong>de l&rsquo;ann\u00e9e 2001<\/strong><\/p>\n<ul>\n<li>4 t\u00eates de forage (extensible \u00e0 6 en option)<\/li>\n<li>Hauteur d&#8217;empilage max. 50mm<\/li>\n<li>profondeur d&rsquo;insertion de 25mm derri\u00e8re les forets<\/li>\n<li>Taille de la table coulissante avant le per\u00e7age 300mm<\/li>\n<li>Largeur de la table coulissante 450 mm<\/li>\n<li>Diam\u00e8tre du trou 3 &#8211; 14 mm<\/li>\n<li>distance entre les trous de 31,7 \u00e0 293 mm<\/li>\n<li>Distance entre les trous avec utilisation de la table coulissante 1mm \u00e0<\/li>\n<li>compensation simple de la longueur du foret<\/li>\n<li>Encombrement L 770 x P 760 x H 1350 mm<\/li>\n<li>275 kg<\/li>\n<\/ul>\n","protected":false},"excerpt":{"rendered":"<p>Perceuse \u00e0 papier \u00e0 4 broches D\u00fcrselen PB 04 avec refroidissement du foret de l&rsquo;ann\u00e9e 2001 4 t\u00eates de forage (extensible \u00e0 6 en option) Hauteur d&#8217;empilage max. 50mm profondeur d&rsquo;insertion de 25mm derri\u00e8re les forets Taille de la table coulissante avant le per\u00e7age 300mm Largeur de la table coulissante 450 mm Diam\u00e8tre du trou [&hellip;]<\/p>\n","protected":false},"featured_media":61501,"template":"","meta":[],"product_brand":[],"product_cat":[2957],"product_tag":[],"class_list":{"0":"post-92243","1":"product","2":"type-product","3":"status-publish","4":"has-post-thumbnail","6":"product_cat-perceuses-a-papier","7":"pa_baujahr-130","8":"pa_hersteller-duerselen","9":"pa_typ-corta-pb-04","11":"first","12":"instock","13":"sold-individually","14":"taxable","15":"shipping-taxable","16":"purchasable","17":"product-type-simple"},"jetpack_sharing_enabled":true,"_links":{"self":[{"href":"https:\/\/www.3p-gmbh.de\/fr\/wp-json\/wp\/v2\/product\/92243","targetHints":{"allow":["GET"]}}],"collection":[{"href":"https:\/\/www.3p-gmbh.de\/fr\/wp-json\/wp\/v2\/product"}],"about":[{"href":"https:\/\/www.3p-gmbh.de\/fr\/wp-json\/wp\/v2\/types\/product"}],"wp:featuredmedia":[{"embeddable":true,"href":"https:\/\/www.3p-gmbh.de\/fr\/wp-json\/wp\/v2\/media\/61501"}],"wp:attachment":[{"href":"https:\/\/www.3p-gmbh.de\/fr\/wp-json\/wp\/v2\/media?parent=92243"}],"wp:term":[{"taxonomy":"product_brand","embeddable":true,"href":"https:\/\/www.3p-gmbh.de\/fr\/wp-json\/wp\/v2\/product_brand?post=92243"},{"taxonomy":"product_cat","embeddable":true,"href":"https:\/\/www.3p-gmbh.de\/fr\/wp-json\/wp\/v2\/product_cat?post=92243"},{"taxonomy":"product_tag","embeddable":true,"href":"https:\/\/www.3p-gmbh.de\/fr\/wp-json\/wp\/v2\/product_tag?post=92243"}],"curies":[{"name":"wp","href":"https:\/\/api.w.org\/{rel}","templated":true}]}}