{"id":92223,"date":"2019-07-11T13:57:16","date_gmt":"2019-07-11T13:57:16","guid":{"rendered":"https:\/\/www.3p-gmbh.de\/produkt\/constantin-hang-lok-103-autom-machine-a-huile\/"},"modified":"2019-07-11T13:57:16","modified_gmt":"2019-07-11T13:57:16","slug":"machine-automatique-oescalier","status":"publish","type":"product","link":"https:\/\/www.3p-gmbh.de\/fr\/produkt\/machine-automatique-oescalier\/","title":{"rendered":"Constantin Hang LOK-103 autom. Machine \u00e0 huile"},"content":{"rendered":"<p>La machine est utilis\u00e9e pour ins\u00e9rer des \u0153illets dans des mat\u00e9riaux pr\u00e9-perfor\u00e9s comme le carton, le carton, les mati\u00e8res plastiques, etc.<\/p>\n<ul>\n<li>avec entra\u00eenement par moteur-frein ne n\u00e9cessitant pas d&rsquo;entretien<\/li>\n<li>alimentation automatique des \u0153illets vers l&rsquo;outil sup\u00e9rieur<\/li>\n<li>la pression des \u0153illets peut \u00eatre r\u00e9gl\u00e9e en fonction de l&rsquo;\u00e9paisseur du mat\u00e9riau<\/li>\n<li>La machine peut \u00eatre adapt\u00e9e \u00e0 une autre taille d&rsquo;\u0153illet en quelques minutes (option)<\/li>\n<li>d\u00e9clenchement par p\u00e9dale \u00e9lectrique<\/li>\n<\/ul>\n","protected":false},"excerpt":{"rendered":"<p>La machine est utilis\u00e9e pour ins\u00e9rer des \u0153illets dans des mat\u00e9riaux pr\u00e9-perfor\u00e9s comme le carton, le carton, les mati\u00e8res plastiques, etc. avec entra\u00eenement par moteur-frein ne n\u00e9cessitant pas d&rsquo;entretien alimentation automatique des \u0153illets vers l&rsquo;outil sup\u00e9rieur la pression des \u0153illets peut \u00eatre r\u00e9gl\u00e9e en fonction de l&rsquo;\u00e9paisseur du mat\u00e9riau La machine peut \u00eatre adapt\u00e9e \u00e0 [&hellip;]<\/p>\n","protected":false},"featured_media":56001,"template":"","meta":[],"product_brand":[],"product_cat":[3052],"product_tag":[],"class_list":{"0":"post-92223","1":"product","2":"type-product","3":"status-publish","4":"has-post-thumbnail","6":"product_cat-machines-a-huile","7":"pa_hersteller-constantin-hang","8":"pa_typ-lok-103","10":"first","11":"instock","12":"sold-individually","13":"taxable","14":"shipping-taxable","15":"purchasable","16":"product-type-simple"},"jetpack_sharing_enabled":true,"_links":{"self":[{"href":"https:\/\/www.3p-gmbh.de\/fr\/wp-json\/wp\/v2\/product\/92223","targetHints":{"allow":["GET"]}}],"collection":[{"href":"https:\/\/www.3p-gmbh.de\/fr\/wp-json\/wp\/v2\/product"}],"about":[{"href":"https:\/\/www.3p-gmbh.de\/fr\/wp-json\/wp\/v2\/types\/product"}],"wp:featuredmedia":[{"embeddable":true,"href":"https:\/\/www.3p-gmbh.de\/fr\/wp-json\/wp\/v2\/media\/56001"}],"wp:attachment":[{"href":"https:\/\/www.3p-gmbh.de\/fr\/wp-json\/wp\/v2\/media?parent=92223"}],"wp:term":[{"taxonomy":"product_brand","embeddable":true,"href":"https:\/\/www.3p-gmbh.de\/fr\/wp-json\/wp\/v2\/product_brand?post=92223"},{"taxonomy":"product_cat","embeddable":true,"href":"https:\/\/www.3p-gmbh.de\/fr\/wp-json\/wp\/v2\/product_cat?post=92223"},{"taxonomy":"product_tag","embeddable":true,"href":"https:\/\/www.3p-gmbh.de\/fr\/wp-json\/wp\/v2\/product_tag?post=92223"}],"curies":[{"name":"wp","href":"https:\/\/api.w.org\/{rel}","templated":true}]}}