{"id":92218,"date":"2019-07-11T13:57:16","date_gmt":"2019-07-11T13:57:16","guid":{"rendered":"https:\/\/www.3p-gmbh.de\/produkt\/horizon-bq-470-bande-dencollage-a-chaud-a-quatre-pinces\/"},"modified":"2019-07-11T13:57:16","modified_gmt":"2019-07-11T13:57:16","slug":"colle-a-chaud-a-quatre-pinces","status":"publish","type":"product","link":"https:\/\/www.3p-gmbh.de\/fr\/produkt\/colle-a-chaud-a-quatre-pinces\/","title":{"rendered":"Horizon BQ 470 Bande d&rsquo;encollage \u00e0 chaud \u00e0 quatre pinces"},"content":{"rendered":"<ul>\n<li>Type de colle EVA (hotmelt) avec 20 kg de f\u00fbts fondus<\/li>\n<li>Touch &amp; Work avec m\u00e9moire de t\u00e2ches 100 emplacements de m\u00e9moire<\/li>\n<li>Encollage lat\u00e9ral<\/li>\n<li>4 rainures<\/li>\n<li>Aspiration des bu\u00e9es incl. Aspiration des copeaux<\/li>\n<li>Largeur du corps de livre : min. 105 mm, max. 320 mm<\/li>\n<li>Hauteur du corps de livre : min. 145 mm, max. 320 mm<\/li>\n<li>Epaisseur du dos : 2-50 mm<\/li>\n<li>Format de la couverture : min. 225 x 135 mm, max. 660 x 320 mm<\/li>\n<li>\u00e9paisseur de la couverture : 80-350 g\/m<\/li>\n<li>Puissance : max. 1000 cycles\/ h<\/li>\n<\/ul>\n","protected":false},"excerpt":{"rendered":"<p>Type de colle EVA (hotmelt) avec 20 kg de f\u00fbts fondus Touch &amp; Work avec m\u00e9moire de t\u00e2ches 100 emplacements de m\u00e9moire Encollage lat\u00e9ral 4 rainures Aspiration des bu\u00e9es incl. Aspiration des copeaux Largeur du corps de livre : min. 105 mm, max. 320 mm Hauteur du corps de livre : min. 145 mm, max. [&hellip;]<\/p>\n","protected":false},"featured_media":57002,"template":"","meta":[],"product_brand":[],"product_cat":[2948],"product_tag":[],"class_list":{"0":"post-92218","1":"product","2":"type-product","3":"status-publish","4":"has-post-thumbnail","6":"product_cat-relieurs-a-colle","7":"pa_baujahr-143","8":"pa_hersteller-horizon","9":"pa_typ-bq-470-eva","11":"first","12":"instock","13":"sold-individually","14":"taxable","15":"shipping-taxable","16":"purchasable","17":"product-type-simple"},"jetpack_sharing_enabled":true,"_links":{"self":[{"href":"https:\/\/www.3p-gmbh.de\/fr\/wp-json\/wp\/v2\/product\/92218","targetHints":{"allow":["GET"]}}],"collection":[{"href":"https:\/\/www.3p-gmbh.de\/fr\/wp-json\/wp\/v2\/product"}],"about":[{"href":"https:\/\/www.3p-gmbh.de\/fr\/wp-json\/wp\/v2\/types\/product"}],"wp:featuredmedia":[{"embeddable":true,"href":"https:\/\/www.3p-gmbh.de\/fr\/wp-json\/wp\/v2\/media\/57002"}],"wp:attachment":[{"href":"https:\/\/www.3p-gmbh.de\/fr\/wp-json\/wp\/v2\/media?parent=92218"}],"wp:term":[{"taxonomy":"product_brand","embeddable":true,"href":"https:\/\/www.3p-gmbh.de\/fr\/wp-json\/wp\/v2\/product_brand?post=92218"},{"taxonomy":"product_cat","embeddable":true,"href":"https:\/\/www.3p-gmbh.de\/fr\/wp-json\/wp\/v2\/product_cat?post=92218"},{"taxonomy":"product_tag","embeddable":true,"href":"https:\/\/www.3p-gmbh.de\/fr\/wp-json\/wp\/v2\/product_tag?post=92218"}],"curies":[{"name":"wp","href":"https:\/\/api.w.org\/{rel}","templated":true}]}}