{"id":92209,"date":"2019-07-11T13:57:16","date_gmt":"2019-07-11T13:57:16","guid":{"rendered":"https:\/\/www.3p-gmbh.de\/produkt\/muero-4-x-5000-a-3-wt-ligne-dencollage-de-blocs-revisee-dans-un-etat-comme-neuf\/"},"modified":"2019-07-11T13:57:16","modified_gmt":"2019-07-11T13:57:16","slug":"blockleiman-2","status":"publish","type":"product","link":"https:\/\/www.3p-gmbh.de\/fr\/produkt\/blockleiman-2\/","title":{"rendered":"M\u00fcro 4 x 5000 A 3 WT Ligne d&rsquo;encollage de blocs &#8211; r\u00e9vis\u00e9e dans un \u00e9tat comme neuf"},"content":{"rendered":"<p><strong>Ligne d&rsquo;encollage de blocs M\u00fcro 4 x 5000 A3 WT 2<\/strong><br \/>\n<strong>\u00e0 l&rsquo;\u00e9tat neuf<\/strong><\/p>\n<p>pour la production en masse de jeux de formulaires, brochures, catalogues, cartes de pesage, calendriers,<br \/>\nSous-mains en blocs, blocs de secours, blocs de quittance, blocs d&rsquo;\u00e9criture et cubes de notes.<\/p>\n<p>4 presses avec une hauteur d&#8217;empilage de 50 cm chacune sur une plaque de base rotative, d&rsquo;o\u00f9 une grande capacit\u00e9 de r\u00e9ception et un mode de travail continu.<br \/>\nEmpilage pr\u00e9cis et rapide en position inclin\u00e9e des presses.<br \/>\nS\u00e9chage rapide avec 2 ventilateurs d&rsquo;air chaud. Pendant qu&rsquo;une presse est aliment\u00e9e, le produit \u00e0 lier s\u00e8che et refroidit d\u00e9j\u00e0 dans les autres presses.<\/p>\n<p>Pression variable &#8211; importante pour l&rsquo;encollage auto-s\u00e9parant de jeux de formulaires ainsi que pour le fraisage de rainures de brochures et de cartes de pesage<\/p>\n<p>hauteur de la pile : 52,5cm<br \/>\nLargeur de la presse : 52,5 cm<br \/>\nProfondeur de la presse : 32 cm<br \/>\nEspace requis en action : 1,8 x 1,8 m<br \/>\nPoids:env. 102 kg<br \/>\nValeurs de raccordement : 230 V, 1100\/2150 W<\/p>\n<p><strong>1 station de s\u00e9chage \u00e0 l&rsquo;air chaud avec 2 ventilateurs WT avec \u00e9tages d&rsquo;air froid, 1100 W et 2150 W<\/strong><br \/>\n<strong>1 plaque de barrage thermique pour un s\u00e9chage uniforme<\/strong><\/p>\n","protected":false},"excerpt":{"rendered":"<p>Ligne d&rsquo;encollage de blocs M\u00fcro 4 x 5000 A3 WT 2 \u00e0 l&rsquo;\u00e9tat neuf pour la production en masse de jeux de formulaires, brochures, catalogues, cartes de pesage, calendriers, Sous-mains en blocs, blocs de secours, blocs de quittance, blocs d&rsquo;\u00e9criture et cubes de notes. 4 presses avec une hauteur d&#8217;empilage de 50 cm chacune sur [&hellip;]<\/p>\n","protected":false},"featured_media":60255,"template":"","meta":[],"product_brand":[],"product_cat":[2890],"product_tag":[],"class_list":{"0":"post-92209","1":"product","2":"type-product","3":"status-publish","4":"has-post-thumbnail","6":"product_cat-reliure-dassortiment","7":"pa_baujahr-140","8":"pa_hersteller-muero","9":"pa_typ-muero-4-x-5000-a-3-wt","11":"first","12":"instock","13":"sold-individually","14":"taxable","15":"shipping-taxable","16":"purchasable","17":"product-type-simple"},"jetpack_sharing_enabled":true,"_links":{"self":[{"href":"https:\/\/www.3p-gmbh.de\/fr\/wp-json\/wp\/v2\/product\/92209","targetHints":{"allow":["GET"]}}],"collection":[{"href":"https:\/\/www.3p-gmbh.de\/fr\/wp-json\/wp\/v2\/product"}],"about":[{"href":"https:\/\/www.3p-gmbh.de\/fr\/wp-json\/wp\/v2\/types\/product"}],"wp:featuredmedia":[{"embeddable":true,"href":"https:\/\/www.3p-gmbh.de\/fr\/wp-json\/wp\/v2\/media\/60255"}],"wp:attachment":[{"href":"https:\/\/www.3p-gmbh.de\/fr\/wp-json\/wp\/v2\/media?parent=92209"}],"wp:term":[{"taxonomy":"product_brand","embeddable":true,"href":"https:\/\/www.3p-gmbh.de\/fr\/wp-json\/wp\/v2\/product_brand?post=92209"},{"taxonomy":"product_cat","embeddable":true,"href":"https:\/\/www.3p-gmbh.de\/fr\/wp-json\/wp\/v2\/product_cat?post=92209"},{"taxonomy":"product_tag","embeddable":true,"href":"https:\/\/www.3p-gmbh.de\/fr\/wp-json\/wp\/v2\/product_tag?post=92209"}],"curies":[{"name":"wp","href":"https:\/\/api.w.org\/{rel}","templated":true}]}}