{"id":92208,"date":"2019-07-11T13:57:16","date_gmt":"2019-07-11T13:57:16","guid":{"rendered":"https:\/\/www.3p-gmbh.de\/produkt\/machine-a-relier-les-calendriers-renz-autobind-500\/"},"modified":"2019-07-11T13:57:16","modified_gmt":"2019-07-11T13:57:16","slug":"machine-a-relier-les-calendriers","status":"publish","type":"product","link":"https:\/\/www.3p-gmbh.de\/fr\/produkt\/machine-a-relier-les-calendriers\/","title":{"rendered":"Machine \u00e0 relier les calendriers Renz Autobind 500"},"content":{"rendered":"<ul>\n<li>Machine \u00e0 spiraler et \u00e0 fermer avec alimentation par suspension et poin\u00e7onneuse Renz Super 700<\/li>\n<li>Machine \u00e0 relier industrielle semi-automatique \u00e0 grande vitesse pour la reliure RENZ RING WIRE\u00ae en bloc, calendriers et skip<\/li>\n<li>Grande flexibilit\u00e9 de format et productivit\u00e9<\/li>\n<li>Performance exemplaires reli\u00e9s par heure max. 1 200 (pour 80 g\/m\u00b2, selon le produit)<\/li>\n<li>\u00c9cran tactile pour un changement de format rapide<\/li>\n<li>Relie jusqu&rsquo;\u00e0 230 feuilles<\/li>\n<li>Largeur de travail 500m<\/li>\n<li>Syst\u00e8me de papier horizontal pour un travail pr\u00e9cis et ergonomique<\/li>\n<li>Table de reliure automatique<\/li>\n<li>Syst\u00e8me d&rsquo;accrochage de calendrier KAS<\/li>\n<\/ul>\n","protected":false},"excerpt":{"rendered":"<p>Machine \u00e0 spiraler et \u00e0 fermer avec alimentation par suspension et poin\u00e7onneuse Renz Super 700 Machine \u00e0 relier industrielle semi-automatique \u00e0 grande vitesse pour la reliure RENZ RING WIRE\u00ae en bloc, calendriers et skip Grande flexibilit\u00e9 de format et productivit\u00e9 Performance exemplaires reli\u00e9s par heure max. 1 200 (pour 80 g\/m\u00b2, selon le produit) \u00c9cran [&hellip;]<\/p>\n","protected":false},"featured_media":55981,"template":"","meta":[],"product_brand":[],"product_cat":[2852],"product_tag":[],"class_list":{"0":"post-92208","1":"product","2":"type-product","3":"status-publish","4":"has-post-thumbnail","6":"product_cat-machines-a-relier-par-fil","7":"pa_baujahr-127","8":"pa_hersteller-renz","9":"pa_typ-autobind-500","11":"first","12":"instock","13":"sold-individually","14":"taxable","15":"shipping-taxable","16":"purchasable","17":"product-type-simple"},"jetpack_sharing_enabled":true,"_links":{"self":[{"href":"https:\/\/www.3p-gmbh.de\/fr\/wp-json\/wp\/v2\/product\/92208","targetHints":{"allow":["GET"]}}],"collection":[{"href":"https:\/\/www.3p-gmbh.de\/fr\/wp-json\/wp\/v2\/product"}],"about":[{"href":"https:\/\/www.3p-gmbh.de\/fr\/wp-json\/wp\/v2\/types\/product"}],"wp:featuredmedia":[{"embeddable":true,"href":"https:\/\/www.3p-gmbh.de\/fr\/wp-json\/wp\/v2\/media\/55981"}],"wp:attachment":[{"href":"https:\/\/www.3p-gmbh.de\/fr\/wp-json\/wp\/v2\/media?parent=92208"}],"wp:term":[{"taxonomy":"product_brand","embeddable":true,"href":"https:\/\/www.3p-gmbh.de\/fr\/wp-json\/wp\/v2\/product_brand?post=92208"},{"taxonomy":"product_cat","embeddable":true,"href":"https:\/\/www.3p-gmbh.de\/fr\/wp-json\/wp\/v2\/product_cat?post=92208"},{"taxonomy":"product_tag","embeddable":true,"href":"https:\/\/www.3p-gmbh.de\/fr\/wp-json\/wp\/v2\/product_tag?post=92208"}],"curies":[{"name":"wp","href":"https:\/\/api.w.org\/{rel}","templated":true}]}}