{"id":92205,"date":"2019-07-11T13:57:16","date_gmt":"2019-07-11T13:57:16","guid":{"rendered":"https:\/\/www.3p-gmbh.de\/produkt\/brehmer-39-3-4-2-machine-a-coudre-semi-automatique-pour-blocs-de-livres\/"},"modified":"2019-07-11T13:57:16","modified_gmt":"2019-07-11T13:57:16","slug":"machine-a-coudre-semi-automatique-pour-blocs-de-livres","status":"publish","type":"product","link":"https:\/\/www.3p-gmbh.de\/fr\/produkt\/machine-a-coudre-semi-automatique-pour-blocs-de-livres\/","title":{"rendered":"Brehmer 39 3\/4-2 Machine \u00e0 coudre semi-automatique pour blocs de livres"},"content":{"rendered":"<ul>\n<li>Ann\u00e9e de construction : 1951<\/li>\n<li>enti\u00e8rement fonctionnel<\/li>\n<li>Format 120x70mm &#8211; 280x440mm<\/li>\n<li>7 t\u00eates d&rsquo;agrafage<\/li>\n<li>Vitesse max. 70 agrafages\/min.<\/li>\n<\/ul>\n","protected":false},"excerpt":{"rendered":"<p>Ann\u00e9e de construction : 1951 enti\u00e8rement fonctionnel Format 120x70mm &#8211; 280x440mm 7 t\u00eates d&rsquo;agrafage Vitesse max. 70 agrafages\/min.<\/p>\n","protected":false},"featured_media":55989,"template":"","meta":[],"product_brand":[],"product_cat":[3089],"product_tag":[],"class_list":{"0":"post-92205","1":"product","2":"type-product","3":"status-publish","4":"has-post-thumbnail","6":"product_cat-couseuses-a-fil","7":"pa_baujahr-1113","8":"pa_hersteller-brehmer-buchbindereimaschinen","9":"pa_typ-39-3-4-2","11":"first","12":"instock","13":"sold-individually","14":"taxable","15":"shipping-taxable","16":"purchasable","17":"product-type-simple"},"jetpack_sharing_enabled":true,"_links":{"self":[{"href":"https:\/\/www.3p-gmbh.de\/fr\/wp-json\/wp\/v2\/product\/92205","targetHints":{"allow":["GET"]}}],"collection":[{"href":"https:\/\/www.3p-gmbh.de\/fr\/wp-json\/wp\/v2\/product"}],"about":[{"href":"https:\/\/www.3p-gmbh.de\/fr\/wp-json\/wp\/v2\/types\/product"}],"wp:featuredmedia":[{"embeddable":true,"href":"https:\/\/www.3p-gmbh.de\/fr\/wp-json\/wp\/v2\/media\/55989"}],"wp:attachment":[{"href":"https:\/\/www.3p-gmbh.de\/fr\/wp-json\/wp\/v2\/media?parent=92205"}],"wp:term":[{"taxonomy":"product_brand","embeddable":true,"href":"https:\/\/www.3p-gmbh.de\/fr\/wp-json\/wp\/v2\/product_brand?post=92205"},{"taxonomy":"product_cat","embeddable":true,"href":"https:\/\/www.3p-gmbh.de\/fr\/wp-json\/wp\/v2\/product_cat?post=92205"},{"taxonomy":"product_tag","embeddable":true,"href":"https:\/\/www.3p-gmbh.de\/fr\/wp-json\/wp\/v2\/product_tag?post=92205"}],"curies":[{"name":"wp","href":"https:\/\/api.w.org\/{rel}","templated":true}]}}