{"id":92194,"date":"2019-07-11T13:57:16","date_gmt":"2019-07-11T13:57:16","guid":{"rendered":"https:\/\/www.3p-gmbh.de\/produkt\/heidelberg-eurobind-eb-600-reliure-par-collage-a-une-seule-pince\/"},"modified":"2019-07-11T13:57:16","modified_gmt":"2019-07-11T13:57:16","slug":"colleuse-recouvreuse-2","status":"publish","type":"product","link":"https:\/\/www.3p-gmbh.de\/fr\/produkt\/colleuse-recouvreuse-2\/","title":{"rendered":"Heidelberg Eurobind EB-600 Reliure par collage \u00e0 une seule pince"},"content":{"rendered":"<ul>\n<li>pour la colle hotmelt<\/li>\n<li>Aspiration des vapeurs de colle<\/li>\n<li>Outils de rabattage et de rainurage<\/li>\n<li>Contr\u00f4le des feuilles doubles d&rsquo;enveloppes<\/li>\n<li>\u00c9cran tactile avec r\u00e9glage simple par ic\u00f4nes, minuterie de pr\u00e9chauffage, pour l&rsquo;encollage dorsal et lat\u00e9ral, compteur d&rsquo;exemplaires, analyse des erreurs, etc.<\/li>\n<li>Pince \u00e0 ouverture et fermeture pneumatiques<\/li>\n<li>R\u00e9glage automatique de l&rsquo;ouverture des pinces selon l&rsquo;\u00e9paisseur du bloc, du disque d&rsquo;encollage lat\u00e9ral selon l&rsquo;\u00e9paisseur du bloc, du rainurage du dos selon l&rsquo;\u00e9paisseur du bloc, de la profondeur du rainurage<\/li>\n<li>Positionnement du rail de guidage arri\u00e8re de l&rsquo;enveloppe selon la largeur de l&rsquo;enveloppe<\/li>\n<li>Profondeur de fraisage r\u00e9glable de 0 \u00e0 3 mm<\/li>\n<li>Poste d&rsquo;usinage du dos avec un outil combin\u00e9 avec des fraises \u00e0 poussi\u00e8re<\/li>\n<li>Couteau entaill\u00e9 r\u00e9glable en hauteur et brosse circulaire<\/li>\n<li>Bassin de colle hotmelt avec deux rouleaux d&rsquo;application et racle \u00e0 colle et dispositif d&rsquo;encollage lat\u00e9ral int\u00e9gr\u00e9 avec disques inclin\u00e9s (production possible sans colle lat\u00e9rale)<\/li>\n<li>Margeur d&rsquo;enveloppes avec double rainurage int\u00e9gr\u00e9 (rainurage d\u00e9coratif possible)<\/li>\n<li>Pressage automatique d&rsquo;enveloppes<\/li>\n<li>Sortie de bande avec chariot \u00e9l\u00e9vateur \u00e0 un seul compartiment<\/li>\n<li>Vitesse : 600 cycles<\/li>\n<li>hauteur du bloc de livre : 120 mm &#8211; 440 mm<\/li>\n<li>Largeur du bloc de livre : 120 mm &#8211; 320 mm<\/li>\n<li>\u00c9paisseur du bloc de livre : 2 mm &#8211; 50 mm<\/li>\n<li>Grammages : 60-170 g\/m2<\/li>\n<li>largeur de l&rsquo;enveloppe : 242 mm &#8211; 710 mm<\/li>\n<li>hauteur de l&rsquo;enveloppe : 120 mm &#8211; 440 mm<\/li>\n<li>Grammage de l&rsquo;enveloppe : 120 mm &#8211; 300 g\/m2<\/li>\n<li>profondeur de fraisage : 0 -3 mm<\/li>\n<\/ul>\n","protected":false},"excerpt":{"rendered":"<p>pour la colle hotmelt Aspiration des vapeurs de colle Outils de rabattage et de rainurage Contr\u00f4le des feuilles doubles d&rsquo;enveloppes \u00c9cran tactile avec r\u00e9glage simple par ic\u00f4nes, minuterie de pr\u00e9chauffage, pour l&rsquo;encollage dorsal et lat\u00e9ral, compteur d&rsquo;exemplaires, analyse des erreurs, etc. Pince \u00e0 ouverture et fermeture pneumatiques R\u00e9glage automatique de l&rsquo;ouverture des pinces selon l&rsquo;\u00e9paisseur [&hellip;]<\/p>\n","protected":false},"featured_media":55972,"template":"","meta":[],"product_brand":[],"product_cat":[2948],"product_tag":[],"class_list":{"0":"post-92194","1":"product","2":"type-product","3":"status-publish","4":"has-post-thumbnail","6":"product_cat-relieurs-a-colle","7":"pa_baujahr-326","8":"pa_hersteller-heidelberg","9":"pa_typ-eurobind-600-eb-600","11":"first","12":"instock","13":"sold-individually","14":"taxable","15":"shipping-taxable","16":"purchasable","17":"product-type-simple"},"jetpack_sharing_enabled":true,"_links":{"self":[{"href":"https:\/\/www.3p-gmbh.de\/fr\/wp-json\/wp\/v2\/product\/92194","targetHints":{"allow":["GET"]}}],"collection":[{"href":"https:\/\/www.3p-gmbh.de\/fr\/wp-json\/wp\/v2\/product"}],"about":[{"href":"https:\/\/www.3p-gmbh.de\/fr\/wp-json\/wp\/v2\/types\/product"}],"wp:featuredmedia":[{"embeddable":true,"href":"https:\/\/www.3p-gmbh.de\/fr\/wp-json\/wp\/v2\/media\/55972"}],"wp:attachment":[{"href":"https:\/\/www.3p-gmbh.de\/fr\/wp-json\/wp\/v2\/media?parent=92194"}],"wp:term":[{"taxonomy":"product_brand","embeddable":true,"href":"https:\/\/www.3p-gmbh.de\/fr\/wp-json\/wp\/v2\/product_brand?post=92194"},{"taxonomy":"product_cat","embeddable":true,"href":"https:\/\/www.3p-gmbh.de\/fr\/wp-json\/wp\/v2\/product_cat?post=92194"},{"taxonomy":"product_tag","embeddable":true,"href":"https:\/\/www.3p-gmbh.de\/fr\/wp-json\/wp\/v2\/product_tag?post=92194"}],"curies":[{"name":"wp","href":"https:\/\/api.w.org\/{rel}","templated":true}]}}