{"id":92190,"date":"2019-07-11T13:57:16","date_gmt":"2019-07-11T13:57:16","guid":{"rendered":"https:\/\/www.3p-gmbh.de\/produkt\/karl-traenklein-brm-500-machine-a-arrondir-les-dos-de-livres\/"},"modified":"2019-07-11T13:57:16","modified_gmt":"2019-07-11T13:57:16","slug":"machine-a-arrondir-les-dos-de-livres","status":"publish","type":"product","link":"https:\/\/www.3p-gmbh.de\/fr\/produkt\/machine-a-arrondir-les-dos-de-livres\/","title":{"rendered":"Karl Tr\u00e4nklein BRM 500 Machine \u00e0 arrondir les dos de livres"},"content":{"rendered":"<p>La machine permet d&rsquo;arrondir rapidement et de mani\u00e8re esth\u00e9tique les blocs de livres cousus au fil et reli\u00e9s par collage. Le r\u00e9glage rapide de chaque \u00e9paisseur de livre selon une \u00e9chelle par volant rend la machine rentable m\u00eame pour les petits et tr\u00e8s petits tirages. Un frein \u00e0 pied est disponible pour arr\u00eater rapidement la machine lors d&rsquo;un changement de format. Les autres avantages de la machine \u00e0 arrondir les dos de livres sont son faible encombrement, sa construction stable et son fonctionnement silencieux.<\/p>\n<ul>\n<li>Largeur de travail max. 540 mm<\/li>\n<li>\u00e9paisseur du livre 0 &#8211; 100 mm<\/li>\n<li>Rendement 400 &#8211; 600 blocs\/heure<\/li>\n<li>Accessoires 2 tables de rangement<\/li>\n<li>Encombrement 120 x 100 x 120 cm<\/li>\n<li>Poids env. 390 kg<\/li>\n<\/ul>\n","protected":false},"excerpt":{"rendered":"<p>La machine permet d&rsquo;arrondir rapidement et de mani\u00e8re esth\u00e9tique les blocs de livres cousus au fil et reli\u00e9s par collage. Le r\u00e9glage rapide de chaque \u00e9paisseur de livre selon une \u00e9chelle par volant rend la machine rentable m\u00eame pour les petits et tr\u00e8s petits tirages. Un frein \u00e0 pied est disponible pour arr\u00eater rapidement la [&hellip;]<\/p>\n","protected":false},"featured_media":55967,"template":"","meta":[],"product_brand":[],"product_cat":[2890],"product_tag":[],"class_list":{"0":"post-92190","1":"product","2":"type-product","3":"status-publish","4":"has-post-thumbnail","6":"product_cat-reliure-dassortiment","7":"pa_baujahr-357","8":"pa_hersteller-karl-traenklein","9":"pa_typ-brm-500","11":"first","12":"instock","13":"sold-individually","14":"taxable","15":"shipping-taxable","16":"purchasable","17":"product-type-simple"},"jetpack_sharing_enabled":true,"_links":{"self":[{"href":"https:\/\/www.3p-gmbh.de\/fr\/wp-json\/wp\/v2\/product\/92190","targetHints":{"allow":["GET"]}}],"collection":[{"href":"https:\/\/www.3p-gmbh.de\/fr\/wp-json\/wp\/v2\/product"}],"about":[{"href":"https:\/\/www.3p-gmbh.de\/fr\/wp-json\/wp\/v2\/types\/product"}],"wp:featuredmedia":[{"embeddable":true,"href":"https:\/\/www.3p-gmbh.de\/fr\/wp-json\/wp\/v2\/media\/55967"}],"wp:attachment":[{"href":"https:\/\/www.3p-gmbh.de\/fr\/wp-json\/wp\/v2\/media?parent=92190"}],"wp:term":[{"taxonomy":"product_brand","embeddable":true,"href":"https:\/\/www.3p-gmbh.de\/fr\/wp-json\/wp\/v2\/product_brand?post=92190"},{"taxonomy":"product_cat","embeddable":true,"href":"https:\/\/www.3p-gmbh.de\/fr\/wp-json\/wp\/v2\/product_cat?post=92190"},{"taxonomy":"product_tag","embeddable":true,"href":"https:\/\/www.3p-gmbh.de\/fr\/wp-json\/wp\/v2\/product_tag?post=92190"}],"curies":[{"name":"wp","href":"https:\/\/api.w.org\/{rel}","templated":true}]}}