{"id":92185,"date":"2019-07-11T13:57:24","date_gmt":"2019-07-11T13:57:24","guid":{"rendered":"https:\/\/www.3p-gmbh.de\/produkt\/muero-kuero-table-vibrante\/"},"modified":"2019-07-11T13:57:24","modified_gmt":"2019-07-11T13:57:24","slug":"table-de-menuiserie","status":"publish","type":"product","link":"https:\/\/www.3p-gmbh.de\/fr\/produkt\/table-de-menuiserie\/","title":{"rendered":"M\u00fcro\/K\u00fcro Table vibrante"},"content":{"rendered":"<ul>\n<li>pour le lissage vertical de feuilles imprim\u00e9es de petit format, de liasses de formulaires ou de blocs ainsi que de brochures avant le collage<\/li>\n<li>surface de vibration d&rsquo;environ 55 x 35 cm<\/li>\n<li>Vibration r\u00e9glable en continu<\/li>\n<li>Charge maximale de 25 kg<\/li>\n<li>220 volts<\/li>\n<\/ul>\n<p>Autres domaines d&rsquo;application dans l&rsquo;industrie :<br \/>\nCompactage de granul\u00e9s ou de r\u00e9sines de coul\u00e9e, contr\u00f4le de qualit\u00e9 de composants \u00e9lectroniques ou m\u00e9caniques.<\/p>\n<p>Des r\u00e9cipients ou des dispositifs de fixation peuvent \u00eatre viss\u00e9s ou serr\u00e9s sur le panneau en bois multiplex.<\/p>\n","protected":false},"excerpt":{"rendered":"<p>pour le lissage vertical de feuilles imprim\u00e9es de petit format, de liasses de formulaires ou de blocs ainsi que de brochures avant le collage surface de vibration d&rsquo;environ 55 x 35 cm Vibration r\u00e9glable en continu Charge maximale de 25 kg 220 volts Autres domaines d&rsquo;application dans l&rsquo;industrie : Compactage de granul\u00e9s ou de r\u00e9sines [&hellip;]<\/p>\n","protected":false},"featured_media":56056,"template":"","meta":[],"product_brand":[],"product_cat":[2890],"product_tag":[],"class_list":{"0":"post-92185","1":"product","2":"type-product","3":"status-publish","4":"has-post-thumbnail","6":"product_cat-reliure-dassortiment","7":"pa_hersteller-muero-kuero","9":"first","10":"instock","11":"sold-individually","12":"taxable","13":"shipping-taxable","14":"purchasable","15":"product-type-simple"},"jetpack_sharing_enabled":true,"_links":{"self":[{"href":"https:\/\/www.3p-gmbh.de\/fr\/wp-json\/wp\/v2\/product\/92185","targetHints":{"allow":["GET"]}}],"collection":[{"href":"https:\/\/www.3p-gmbh.de\/fr\/wp-json\/wp\/v2\/product"}],"about":[{"href":"https:\/\/www.3p-gmbh.de\/fr\/wp-json\/wp\/v2\/types\/product"}],"wp:featuredmedia":[{"embeddable":true,"href":"https:\/\/www.3p-gmbh.de\/fr\/wp-json\/wp\/v2\/media\/56056"}],"wp:attachment":[{"href":"https:\/\/www.3p-gmbh.de\/fr\/wp-json\/wp\/v2\/media?parent=92185"}],"wp:term":[{"taxonomy":"product_brand","embeddable":true,"href":"https:\/\/www.3p-gmbh.de\/fr\/wp-json\/wp\/v2\/product_brand?post=92185"},{"taxonomy":"product_cat","embeddable":true,"href":"https:\/\/www.3p-gmbh.de\/fr\/wp-json\/wp\/v2\/product_cat?post=92185"},{"taxonomy":"product_tag","embeddable":true,"href":"https:\/\/www.3p-gmbh.de\/fr\/wp-json\/wp\/v2\/product_tag?post=92185"}],"curies":[{"name":"wp","href":"https:\/\/api.w.org\/{rel}","templated":true}]}}