{"id":92172,"date":"2019-07-11T13:57:24","date_gmt":"2019-07-11T13:57:24","guid":{"rendered":"https:\/\/www.3p-gmbh.de\/produkt\/karl-traenklein-eh-1-poussoir-rond-dangle\/"},"modified":"2019-07-11T13:57:24","modified_gmt":"2019-07-11T13:57:24","slug":"chaussures-rondes-dangle","status":"publish","type":"product","link":"https:\/\/www.3p-gmbh.de\/fr\/produkt\/chaussures-rondes-dangle\/","title":{"rendered":"Karl Tr\u00e4nklein EH-1 Poussoir rond d&rsquo;angle"},"content":{"rendered":"<ul>\n<li>Couteaux sup\u00e9rieur et inf\u00e9rieur int\u00e9gr\u00e9s<\/li>\n<li>avec syst\u00e8me d&rsquo;\u00e9querre en deux parties et serre-flan<\/li>\n<li>diff\u00e9rents rayons (outils) disponibles<\/li>\n<li>pour arrondir les angles ou pour de nombreux travaux de poin\u00e7onnage<\/li>\n<\/ul>\n","protected":false},"excerpt":{"rendered":"<p>Couteaux sup\u00e9rieur et inf\u00e9rieur int\u00e9gr\u00e9s avec syst\u00e8me d&rsquo;\u00e9querre en deux parties et serre-flan diff\u00e9rents rayons (outils) disponibles pour arrondir les angles ou pour de nombreux travaux de poin\u00e7onnage<\/p>\n","protected":false},"featured_media":56053,"template":"","meta":[],"product_brand":[],"product_cat":[2890],"product_tag":[],"class_list":{"0":"post-92172","1":"product","2":"type-product","3":"status-publish","4":"has-post-thumbnail","6":"product_cat-reliure-dassortiment","7":"pa_baujahr-123","8":"pa_hersteller-karl-traenklein","9":"pa_typ-eh-1","11":"first","12":"instock","13":"sold-individually","14":"taxable","15":"shipping-taxable","16":"purchasable","17":"product-type-simple"},"jetpack_sharing_enabled":true,"_links":{"self":[{"href":"https:\/\/www.3p-gmbh.de\/fr\/wp-json\/wp\/v2\/product\/92172","targetHints":{"allow":["GET"]}}],"collection":[{"href":"https:\/\/www.3p-gmbh.de\/fr\/wp-json\/wp\/v2\/product"}],"about":[{"href":"https:\/\/www.3p-gmbh.de\/fr\/wp-json\/wp\/v2\/types\/product"}],"wp:featuredmedia":[{"embeddable":true,"href":"https:\/\/www.3p-gmbh.de\/fr\/wp-json\/wp\/v2\/media\/56053"}],"wp:attachment":[{"href":"https:\/\/www.3p-gmbh.de\/fr\/wp-json\/wp\/v2\/media?parent=92172"}],"wp:term":[{"taxonomy":"product_brand","embeddable":true,"href":"https:\/\/www.3p-gmbh.de\/fr\/wp-json\/wp\/v2\/product_brand?post=92172"},{"taxonomy":"product_cat","embeddable":true,"href":"https:\/\/www.3p-gmbh.de\/fr\/wp-json\/wp\/v2\/product_cat?post=92172"},{"taxonomy":"product_tag","embeddable":true,"href":"https:\/\/www.3p-gmbh.de\/fr\/wp-json\/wp\/v2\/product_tag?post=92172"}],"curies":[{"name":"wp","href":"https:\/\/api.w.org\/{rel}","templated":true}]}}