{"id":92170,"date":"2019-07-11T13:57:24","date_gmt":"2019-07-11T13:57:24","guid":{"rendered":"https:\/\/www.3p-gmbh.de\/produkt\/presse-dencollage-de-blocs-muero-5000-a3-wt\/"},"modified":"2019-07-11T13:57:24","modified_gmt":"2019-07-11T13:57:24","slug":"presse-a-encoller-les-blocs","status":"publish","type":"product","link":"https:\/\/www.3p-gmbh.de\/fr\/produkt\/presse-a-encoller-les-blocs\/","title":{"rendered":"Presse d&rsquo;encollage de blocs M\u00fcro 5000 A3 WT"},"content":{"rendered":"<p>Cette presse \u00e0 agglomer les blocs poss\u00e8de un ch\u00e2ssis mobile, un s\u00e9chage par soufflerie d&rsquo;air chaud, une t\u00f4le d&rsquo;accumulation de chaleur pour un s\u00e9chage uniforme et un insert de presse pour les petites piles. L&rsquo;avantage de la presse A3 r\u00e9side dans sa capacit\u00e9 de r\u00e9ception plus importante pour les piles A 3 et en particulier pour l&rsquo;encollage \u00e0 2 utilisations de jeux de formulaires ou de brochures DIN A 5. Le s\u00e9chage \u00e0 2 utilisations permet d&rsquo;obtenir des temps de production encore plus courts. Avec le mod\u00e8le 5000 A 3 WT, vous avez l&rsquo;avantage du support mobile et du s\u00e9chage par soufflerie d&rsquo;air chaud. Apr\u00e8s l&rsquo;encollage et l&rsquo;\u00e9ventuelle fumigation du dos de la reliure, le clapet du ch\u00e2ssis s&rsquo;ouvre et le s\u00e9chage \u00e0 l&rsquo;air chaud se met en marche automatiquement gr\u00e2ce \u00e0 un interrupteur de fin de course. Pour que le s\u00e9chage se fasse uniform\u00e9ment et rapidement en haut et en bas, la t\u00f4le d&rsquo;accumulation de chaleur est mise en place.<\/p>\n<ul>\n<li>hauteur de la pile : 52,5 cm<\/li>\n<li>Largeur de la presse : 52,5 cm<\/li>\n<li>Profondeur de la presse : 32 cm<\/li>\n<li>Espace requis : 0,9m x1,2m<\/li>\n<li>Puissance de raccordement : 400 V<\/li>\n<li>poids : environ 46 kg<\/li>\n<\/ul>\n","protected":false},"excerpt":{"rendered":"<p>Cette presse \u00e0 agglomer les blocs poss\u00e8de un ch\u00e2ssis mobile, un s\u00e9chage par soufflerie d&rsquo;air chaud, une t\u00f4le d&rsquo;accumulation de chaleur pour un s\u00e9chage uniforme et un insert de presse pour les petites piles. L&rsquo;avantage de la presse A3 r\u00e9side dans sa capacit\u00e9 de r\u00e9ception plus importante pour les piles A 3 et en particulier [&hellip;]<\/p>\n","protected":false},"featured_media":56054,"template":"","meta":[],"product_brand":[],"product_cat":[2890],"product_tag":[],"class_list":{"0":"post-92170","1":"product","2":"type-product","3":"status-publish","4":"has-post-thumbnail","6":"product_cat-reliure-dassortiment","7":"pa_baujahr-153","8":"pa_hersteller-muero","9":"pa_typ-5000-a3-wt","11":"first","12":"instock","13":"sold-individually","14":"taxable","15":"shipping-taxable","16":"purchasable","17":"product-type-simple"},"jetpack_sharing_enabled":true,"_links":{"self":[{"href":"https:\/\/www.3p-gmbh.de\/fr\/wp-json\/wp\/v2\/product\/92170","targetHints":{"allow":["GET"]}}],"collection":[{"href":"https:\/\/www.3p-gmbh.de\/fr\/wp-json\/wp\/v2\/product"}],"about":[{"href":"https:\/\/www.3p-gmbh.de\/fr\/wp-json\/wp\/v2\/types\/product"}],"wp:featuredmedia":[{"embeddable":true,"href":"https:\/\/www.3p-gmbh.de\/fr\/wp-json\/wp\/v2\/media\/56054"}],"wp:attachment":[{"href":"https:\/\/www.3p-gmbh.de\/fr\/wp-json\/wp\/v2\/media?parent=92170"}],"wp:term":[{"taxonomy":"product_brand","embeddable":true,"href":"https:\/\/www.3p-gmbh.de\/fr\/wp-json\/wp\/v2\/product_brand?post=92170"},{"taxonomy":"product_cat","embeddable":true,"href":"https:\/\/www.3p-gmbh.de\/fr\/wp-json\/wp\/v2\/product_cat?post=92170"},{"taxonomy":"product_tag","embeddable":true,"href":"https:\/\/www.3p-gmbh.de\/fr\/wp-json\/wp\/v2\/product_tag?post=92170"}],"curies":[{"name":"wp","href":"https:\/\/api.w.org\/{rel}","templated":true}]}}