{"id":92166,"date":"2019-07-11T13:57:24","date_gmt":"2019-07-11T13:57:24","guid":{"rendered":"https:\/\/www.3p-gmbh.de\/produkt\/eurotecnica-eurobind-436-hotmelt-reliure-par-collage\/"},"modified":"2019-07-11T13:57:24","modified_gmt":"2019-07-11T13:57:24","slug":"colle-hotmelt","status":"publish","type":"product","link":"https:\/\/www.3p-gmbh.de\/fr\/produkt\/colle-hotmelt\/","title":{"rendered":"Eurotecnica Eurobind 436 Hotmelt reliure par collage"},"content":{"rendered":"<ul>\n<li>Ann\u00e9e de construction 1999, 240000 fixations<\/li>\n<li>capacit\u00e9 de 500 pi\u00e8ces\/heure<\/li>\n<li>Longueur du dos : min. 120 \u00e0 max. 430 mm<\/li>\n<li>\u00c9paisseur du bloc : min. 2 \u00e0 max. 60 mm<\/li>\n<li>avec dispositif de fendage et de fraisage, fraises d\u00e9brayables, la profondeur de fraisage est r\u00e9glable de 0 \u00e0 3 mm<\/li>\n<\/ul>\n<p>Fonctions<\/p>\n<ul>\n<li>autom. Ouverture et fermeture de la pince<\/li>\n<li>Vibreur pour station de serrage<\/li>\n<li>Dispositif de rainurage et de fraisage avec aspiration des copeaux<\/li>\n<li>deux rouleaux applicateurs de colle<\/li>\n<li>encollage actif des pages<\/li>\n<li>Aspiration des vapeurs de colle<\/li>\n<li>Alimentation des enveloppes avec barre de succion<\/li>\n<li>Presses \u00e0 enveloppes et rabattage \u00e9lectrique<\/li>\n<li>Retour de la pince<\/li>\n<li>\u00e9lectrique. Tapis de sortie<\/li>\n<li>Compteur de tirage<\/li>\n<li>Minuteur de 24 heures<\/li>\n<li>Compresseur<\/li>\n<\/ul>\n","protected":false},"excerpt":{"rendered":"<p>Ann\u00e9e de construction 1999, 240000 fixations capacit\u00e9 de 500 pi\u00e8ces\/heure Longueur du dos : min. 120 \u00e0 max. 430 mm \u00c9paisseur du bloc : min. 2 \u00e0 max. 60 mm avec dispositif de fendage et de fraisage, fraises d\u00e9brayables, la profondeur de fraisage est r\u00e9glable de 0 \u00e0 3 mm Fonctions autom. Ouverture et fermeture [&hellip;]<\/p>\n","protected":false},"featured_media":56046,"template":"","meta":[],"product_brand":[],"product_cat":[2948],"product_tag":[],"class_list":{"0":"post-92166","1":"product","2":"type-product","3":"status-publish","4":"has-post-thumbnail","6":"product_cat-relieurs-a-colle","7":"pa_baujahr-158","8":"pa_hersteller-eurotecnica","9":"pa_typ-euro-bind-436-matic","11":"first","12":"instock","13":"sold-individually","14":"taxable","15":"shipping-taxable","16":"purchasable","17":"product-type-simple"},"jetpack_sharing_enabled":true,"_links":{"self":[{"href":"https:\/\/www.3p-gmbh.de\/fr\/wp-json\/wp\/v2\/product\/92166","targetHints":{"allow":["GET"]}}],"collection":[{"href":"https:\/\/www.3p-gmbh.de\/fr\/wp-json\/wp\/v2\/product"}],"about":[{"href":"https:\/\/www.3p-gmbh.de\/fr\/wp-json\/wp\/v2\/types\/product"}],"wp:featuredmedia":[{"embeddable":true,"href":"https:\/\/www.3p-gmbh.de\/fr\/wp-json\/wp\/v2\/media\/56046"}],"wp:attachment":[{"href":"https:\/\/www.3p-gmbh.de\/fr\/wp-json\/wp\/v2\/media?parent=92166"}],"wp:term":[{"taxonomy":"product_brand","embeddable":true,"href":"https:\/\/www.3p-gmbh.de\/fr\/wp-json\/wp\/v2\/product_brand?post=92166"},{"taxonomy":"product_cat","embeddable":true,"href":"https:\/\/www.3p-gmbh.de\/fr\/wp-json\/wp\/v2\/product_cat?post=92166"},{"taxonomy":"product_tag","embeddable":true,"href":"https:\/\/www.3p-gmbh.de\/fr\/wp-json\/wp\/v2\/product_tag?post=92166"}],"curies":[{"name":"wp","href":"https:\/\/api.w.org\/{rel}","templated":true}]}}