{"id":92163,"date":"2019-07-11T13:57:24","date_gmt":"2019-07-11T13:57:24","guid":{"rendered":"https:\/\/www.3p-gmbh.de\/produkt\/horizon-bq-270-relieur-a-colle-a-une-pince\/"},"modified":"2019-07-11T13:57:24","modified_gmt":"2019-07-11T13:57:24","slug":"colleuse-recouvreuse-3","status":"publish","type":"product","link":"https:\/\/www.3p-gmbh.de\/fr\/produkt\/colleuse-recouvreuse-3\/","title":{"rendered":"Horizon BQ 270 Relieur \u00e0 colle \u00e0 une pince"},"content":{"rendered":"<ul>\n<li>Reliure \u00e0 colle chaude enti\u00e8rement automatique \u00e0 1 pince<\/li>\n<li>avec jauge de r\u00e9glage SI-270<\/li>\n<li>sortie de bande haute DV avec commande Touch and Work<\/li>\n<li>Ann\u00e9e de construction 2003<\/li>\n<li>environ 229.000 fixations<\/li>\n<li>encollage actif des pages<\/li>\n<li>margeur automatique par aspiration et soufflage avec 4 rainures et une hauteur de pr\u00e9-empilage de 70 mm<\/li>\n<li>m\u00e9c. Vitesse 500 cycles\/h (dans la pratique, environ 350-420 fixations\/h selon le produit)<\/li>\n<li>Longueur du corps de livre min 148mm<\/li>\n<li>longueur du bloc de livre max 320mm<\/li>\n<li>Largeur du corps de livre min 105mm<\/li>\n<li>largeur du bloc de livre max 320mm<\/li>\n<li>\u00c9paisseur du corps de livre min 1mm<\/li>\n<li>\u00e9paisseur du bloc de livre max 50mm<\/li>\n<li>Format de la couverture min 135 x 240mm<\/li>\n<li>format de la couverture max 320 x 660mm<\/li>\n<li>\u00e9paisseur de couverture min 90g\/m<\/li>\n<li>\u00e9paisseur de couverture max 300g\/m<\/li>\n<\/ul>\n","protected":false},"excerpt":{"rendered":"<p>Reliure \u00e0 colle chaude enti\u00e8rement automatique \u00e0 1 pince avec jauge de r\u00e9glage SI-270 sortie de bande haute DV avec commande Touch and Work Ann\u00e9e de construction 2003 environ 229.000 fixations encollage actif des pages margeur automatique par aspiration et soufflage avec 4 rainures et une hauteur de pr\u00e9-empilage de 70 mm m\u00e9c. Vitesse 500 [&hellip;]<\/p>\n","protected":false},"featured_media":56040,"template":"","meta":[],"product_brand":[],"product_cat":[2948],"product_tag":[],"class_list":{"0":"post-92163","1":"product","2":"type-product","3":"status-publish","4":"has-post-thumbnail","6":"product_cat-relieurs-a-colle","7":"pa_baujahr-182","8":"pa_hersteller-horizon","9":"pa_typ-bq-270-mit-hochauslage","11":"first","12":"instock","13":"sold-individually","14":"taxable","15":"shipping-taxable","16":"purchasable","17":"product-type-simple"},"jetpack_sharing_enabled":true,"_links":{"self":[{"href":"https:\/\/www.3p-gmbh.de\/fr\/wp-json\/wp\/v2\/product\/92163","targetHints":{"allow":["GET"]}}],"collection":[{"href":"https:\/\/www.3p-gmbh.de\/fr\/wp-json\/wp\/v2\/product"}],"about":[{"href":"https:\/\/www.3p-gmbh.de\/fr\/wp-json\/wp\/v2\/types\/product"}],"wp:featuredmedia":[{"embeddable":true,"href":"https:\/\/www.3p-gmbh.de\/fr\/wp-json\/wp\/v2\/media\/56040"}],"wp:attachment":[{"href":"https:\/\/www.3p-gmbh.de\/fr\/wp-json\/wp\/v2\/media?parent=92163"}],"wp:term":[{"taxonomy":"product_brand","embeddable":true,"href":"https:\/\/www.3p-gmbh.de\/fr\/wp-json\/wp\/v2\/product_brand?post=92163"},{"taxonomy":"product_cat","embeddable":true,"href":"https:\/\/www.3p-gmbh.de\/fr\/wp-json\/wp\/v2\/product_cat?post=92163"},{"taxonomy":"product_tag","embeddable":true,"href":"https:\/\/www.3p-gmbh.de\/fr\/wp-json\/wp\/v2\/product_tag?post=92163"}],"curies":[{"name":"wp","href":"https:\/\/api.w.org\/{rel}","templated":true}]}}