{"id":92159,"date":"2019-07-11T13:57:24","date_gmt":"2019-07-11T13:57:24","guid":{"rendered":"https:\/\/www.3p-gmbh.de\/produkt\/tetes-dagrafage-mueller-martini\/"},"modified":"2019-07-11T13:57:24","modified_gmt":"2019-07-11T13:57:24","slug":"heftkoepfe-2","status":"publish","type":"product","link":"https:\/\/www.3p-gmbh.de\/fr\/produkt\/heftkoepfe-2\/","title":{"rendered":"T\u00eates d&rsquo;agrafage M\u00fcller Martini"},"content":{"rendered":"<ul>\n<li>4 T\u00eate d&rsquo;agrafage \u00e0 anneaux M\u00fcller Martini (HKOe 0,8mm), num\u00e9ro d&rsquo;article : 249.0050, utilisable dans les classeurs M\u00fcller Martini (p.ex. Bravo, Prima, Amrys&#8230;)<\/li>\n<li>2 t\u00eates d&rsquo;agrafage HK 75 0,6mm, num\u00e9ro d&rsquo;article 881.8070<\/li>\n<li>1 t\u00eate d&rsquo;agrafeuse \u00e0 \u0153illet HKOe 0,8mm, num\u00e9ro d&rsquo;article 1550.0029<\/li>\n<li>2 t\u00eates d&rsquo;agrafage HK 75 0,6mm<\/li>\n<li>2 t\u00eates d&rsquo;agrafage HK 45<\/li>\n<li>2 t\u00eates d&rsquo;agrafage HK 55 pour agrafeuses Bravo, Presto, Prima&#8230;<\/li>\n<\/ul>\n","protected":false},"excerpt":{"rendered":"<p>4 T\u00eate d&rsquo;agrafage \u00e0 anneaux M\u00fcller Martini (HKOe 0,8mm), num\u00e9ro d&rsquo;article : 249.0050, utilisable dans les classeurs M\u00fcller Martini (p.ex. Bravo, Prima, Amrys&#8230;) 2 t\u00eates d&rsquo;agrafage HK 75 0,6mm, num\u00e9ro d&rsquo;article 881.8070 1 t\u00eate d&rsquo;agrafeuse \u00e0 \u0153illet HKOe 0,8mm, num\u00e9ro d&rsquo;article 1550.0029 2 t\u00eates d&rsquo;agrafage HK 75 0,6mm 2 t\u00eates d&rsquo;agrafage HK 45 2 t\u00eates [&hellip;]<\/p>\n","protected":false},"featured_media":56034,"template":"","meta":[],"product_brand":[],"product_cat":[2907],"product_tag":[],"class_list":{"0":"post-92159","1":"product","2":"type-product","3":"status-publish","4":"has-post-thumbnail","6":"product_cat-encarteuse-piqueuse","7":"pa_baujahr-127","8":"pa_hersteller-mueller-martini","9":"pa_typ-hk-75-hkoe-hk-45-hk-55","11":"first","12":"instock","13":"sold-individually","14":"taxable","15":"shipping-taxable","16":"purchasable","17":"product-type-simple"},"jetpack_sharing_enabled":true,"_links":{"self":[{"href":"https:\/\/www.3p-gmbh.de\/fr\/wp-json\/wp\/v2\/product\/92159","targetHints":{"allow":["GET"]}}],"collection":[{"href":"https:\/\/www.3p-gmbh.de\/fr\/wp-json\/wp\/v2\/product"}],"about":[{"href":"https:\/\/www.3p-gmbh.de\/fr\/wp-json\/wp\/v2\/types\/product"}],"wp:featuredmedia":[{"embeddable":true,"href":"https:\/\/www.3p-gmbh.de\/fr\/wp-json\/wp\/v2\/media\/56034"}],"wp:attachment":[{"href":"https:\/\/www.3p-gmbh.de\/fr\/wp-json\/wp\/v2\/media?parent=92159"}],"wp:term":[{"taxonomy":"product_brand","embeddable":true,"href":"https:\/\/www.3p-gmbh.de\/fr\/wp-json\/wp\/v2\/product_brand?post=92159"},{"taxonomy":"product_cat","embeddable":true,"href":"https:\/\/www.3p-gmbh.de\/fr\/wp-json\/wp\/v2\/product_cat?post=92159"},{"taxonomy":"product_tag","embeddable":true,"href":"https:\/\/www.3p-gmbh.de\/fr\/wp-json\/wp\/v2\/product_tag?post=92159"}],"curies":[{"name":"wp","href":"https:\/\/api.w.org\/{rel}","templated":true}]}}