{"id":92148,"date":"2019-07-11T13:57:24","date_gmt":"2019-07-11T13:57:24","guid":{"rendered":"https:\/\/www.3p-gmbh.de\/produkt\/agrafeuse-electrique-ernst-nagel-rinak\/"},"modified":"2019-07-11T13:57:24","modified_gmt":"2019-07-11T13:57:24","slug":"electro-agrafeuse","status":"publish","type":"product","link":"https:\/\/www.3p-gmbh.de\/fr\/produkt\/electro-agrafeuse\/","title":{"rendered":"Agrafeuse \u00e9lectrique Ernst Nagel Rinak"},"content":{"rendered":"<ul>\n<li>pour des agrafages \u00e0 cheval jusqu&rsquo;\u00e0 DinA3 pli\u00e9 (env. 30 feuilles) et pour des agrafages en bloc jusqu&rsquo;\u00e0 40 feuilles (80 g\/m\u00b2)<\/li>\n<li>Agrafes 26\/6, 26\/8S et agrafes \u00e0 anneaux RI 26\/6<\/li>\n<li>avec d\u00e9clencheur \u00e0 pied<\/li>\n<\/ul>\n","protected":false},"excerpt":{"rendered":"<p>pour des agrafages \u00e0 cheval jusqu&rsquo;\u00e0 DinA3 pli\u00e9 (env. 30 feuilles) et pour des agrafages en bloc jusqu&rsquo;\u00e0 40 feuilles (80 g\/m\u00b2) Agrafes 26\/6, 26\/8S et agrafes \u00e0 anneaux RI 26\/6 avec d\u00e9clencheur \u00e0 pied<\/p>\n","protected":false},"featured_media":56025,"template":"","meta":[],"product_brand":[],"product_cat":[2994],"product_tag":[],"class_list":{"0":"post-92148","1":"product","2":"type-product","3":"status-publish","4":"has-post-thumbnail","6":"product_cat-agrafeuses","7":"pa_baujahr-188","8":"pa_hersteller-ernst-nagel","9":"pa_typ-rinak","11":"first","12":"instock","13":"sold-individually","14":"taxable","15":"shipping-taxable","16":"purchasable","17":"product-type-simple"},"jetpack_sharing_enabled":true,"_links":{"self":[{"href":"https:\/\/www.3p-gmbh.de\/fr\/wp-json\/wp\/v2\/product\/92148","targetHints":{"allow":["GET"]}}],"collection":[{"href":"https:\/\/www.3p-gmbh.de\/fr\/wp-json\/wp\/v2\/product"}],"about":[{"href":"https:\/\/www.3p-gmbh.de\/fr\/wp-json\/wp\/v2\/types\/product"}],"wp:featuredmedia":[{"embeddable":true,"href":"https:\/\/www.3p-gmbh.de\/fr\/wp-json\/wp\/v2\/media\/56025"}],"wp:attachment":[{"href":"https:\/\/www.3p-gmbh.de\/fr\/wp-json\/wp\/v2\/media?parent=92148"}],"wp:term":[{"taxonomy":"product_brand","embeddable":true,"href":"https:\/\/www.3p-gmbh.de\/fr\/wp-json\/wp\/v2\/product_brand?post=92148"},{"taxonomy":"product_cat","embeddable":true,"href":"https:\/\/www.3p-gmbh.de\/fr\/wp-json\/wp\/v2\/product_cat?post=92148"},{"taxonomy":"product_tag","embeddable":true,"href":"https:\/\/www.3p-gmbh.de\/fr\/wp-json\/wp\/v2\/product_tag?post=92148"}],"curies":[{"name":"wp","href":"https:\/\/api.w.org\/{rel}","templated":true}]}}