{"id":92147,"date":"2019-07-11T13:57:24","date_gmt":"2019-07-11T13:57:24","guid":{"rendered":"https:\/\/www.3p-gmbh.de\/produkt\/machine-a-perforer-et-a-decouper-renz-bomco-su\/"},"modified":"2019-07-11T13:57:24","modified_gmt":"2019-07-11T13:57:24","slug":"machine-a-perforer-et-a-poinconner","status":"publish","type":"product","link":"https:\/\/www.3p-gmbh.de\/fr\/produkt\/machine-a-perforer-et-a-poinconner\/","title":{"rendered":"Machine \u00e0 perforer et \u00e0 d\u00e9couper Renz\/Bomco SU"},"content":{"rendered":"<ul>\n<li>  machine stable, con\u00e7ue pour un fonctionnement continu, pour le poin\u00e7onnage et la perforation de papier, de carton et de plastique jusqu&rsquo;\u00e0 une largeur de travail de 50 cm<\/li>\n<li>380 volts<\/li>\n<li>incl. Outil de perforation pour reliure de calendrier avec trou pour le pouce<\/li>\n<\/ul>\n","protected":false},"excerpt":{"rendered":"<p>machine stable, con\u00e7ue pour un fonctionnement continu, pour le poin\u00e7onnage et la perforation de papier, de carton et de plastique jusqu&rsquo;\u00e0 une largeur de travail de 50 cm 380 volts incl. Outil de perforation pour reliure de calendrier avec trou pour le pouce<\/p>\n","protected":false},"featured_media":56022,"template":"","meta":[],"product_brand":[],"product_cat":[2904],"product_tag":[],"class_list":{"0":"post-92147","1":"product","2":"type-product","3":"status-publish","4":"has-post-thumbnail","6":"product_cat-poinconnage","7":"pa_hersteller-renz-bomco","8":"pa_typ-su","10":"first","11":"instock","12":"sold-individually","13":"taxable","14":"shipping-taxable","15":"purchasable","16":"product-type-simple"},"jetpack_sharing_enabled":true,"_links":{"self":[{"href":"https:\/\/www.3p-gmbh.de\/fr\/wp-json\/wp\/v2\/product\/92147","targetHints":{"allow":["GET"]}}],"collection":[{"href":"https:\/\/www.3p-gmbh.de\/fr\/wp-json\/wp\/v2\/product"}],"about":[{"href":"https:\/\/www.3p-gmbh.de\/fr\/wp-json\/wp\/v2\/types\/product"}],"wp:featuredmedia":[{"embeddable":true,"href":"https:\/\/www.3p-gmbh.de\/fr\/wp-json\/wp\/v2\/media\/56022"}],"wp:attachment":[{"href":"https:\/\/www.3p-gmbh.de\/fr\/wp-json\/wp\/v2\/media?parent=92147"}],"wp:term":[{"taxonomy":"product_brand","embeddable":true,"href":"https:\/\/www.3p-gmbh.de\/fr\/wp-json\/wp\/v2\/product_brand?post=92147"},{"taxonomy":"product_cat","embeddable":true,"href":"https:\/\/www.3p-gmbh.de\/fr\/wp-json\/wp\/v2\/product_cat?post=92147"},{"taxonomy":"product_tag","embeddable":true,"href":"https:\/\/www.3p-gmbh.de\/fr\/wp-json\/wp\/v2\/product_tag?post=92147"}],"curies":[{"name":"wp","href":"https:\/\/api.w.org\/{rel}","templated":true}]}}