{"id":92143,"date":"2019-07-11T13:57:24","date_gmt":"2019-07-11T13:57:24","guid":{"rendered":"https:\/\/www.3p-gmbh.de\/produkt\/planax-perfect-binder-f-ii-machine-a-relier-a-la-colle-froide\/"},"modified":"2019-07-11T13:57:24","modified_gmt":"2019-07-11T13:57:24","slug":"machine-a-relier-a-colle-froide","status":"publish","type":"product","link":"https:\/\/www.3p-gmbh.de\/fr\/produkt\/machine-a-relier-a-colle-froide\/","title":{"rendered":"Planax Perfect Binder F II Machine \u00e0 relier \u00e0 la colle froide"},"content":{"rendered":"<p>Cette relieuse convient \u00e0 la fabrication de brochures de haute qualit\u00e9 avec des couvertures continues. Gr\u00e2ce \u00e0 l&rsquo;utilisation de la colle froide \u00e0 dispersion \u00e0 prise rapide Planax Rapid, il est \u00e9galement possible de traiter de mani\u00e8re optimale les papiers d&rsquo;art et les papiers samtoffset.<\/p>\n<ul>\n<li>flux de travail automatique<\/li>\n<li>avec station de fendage et de fraisage<\/li>\n<li>Aspiration de la poussi\u00e8re de papier<\/li>\n<li>Poste de presse \u00e0 plier<\/li>\n<li>Ch\u00e2ssis<\/li>\n<li>angle de stationnement chauffant<\/li>\n<li>Longueur de bloc min. 150mm, max. 380mm<\/li>\n<li>Largeur de bloc min. 110, max. 350mm<\/li>\n<li>\u00e9paisseur du bloc 1-36mm<\/li>\n<\/ul>\n","protected":false},"excerpt":{"rendered":"<p>Cette relieuse convient \u00e0 la fabrication de brochures de haute qualit\u00e9 avec des couvertures continues. Gr\u00e2ce \u00e0 l&rsquo;utilisation de la colle froide \u00e0 dispersion \u00e0 prise rapide Planax Rapid, il est \u00e9galement possible de traiter de mani\u00e8re optimale les papiers d&rsquo;art et les papiers samtoffset. flux de travail automatique avec station de fendage et de [&hellip;]<\/p>\n","protected":false},"featured_media":56021,"template":"","meta":[],"product_brand":[],"product_cat":[2890],"product_tag":[],"class_list":{"0":"post-92143","1":"product","2":"type-product","3":"status-publish","4":"has-post-thumbnail","6":"product_cat-reliure-dassortiment","7":"pa_baujahr-153","8":"pa_hersteller-planatol","9":"pa_typ-planaxperfect-binder-f-ii-mit-trockenstation","11":"first","12":"instock","13":"sold-individually","14":"taxable","15":"shipping-taxable","16":"purchasable","17":"product-type-simple"},"jetpack_sharing_enabled":true,"_links":{"self":[{"href":"https:\/\/www.3p-gmbh.de\/fr\/wp-json\/wp\/v2\/product\/92143","targetHints":{"allow":["GET"]}}],"collection":[{"href":"https:\/\/www.3p-gmbh.de\/fr\/wp-json\/wp\/v2\/product"}],"about":[{"href":"https:\/\/www.3p-gmbh.de\/fr\/wp-json\/wp\/v2\/types\/product"}],"wp:featuredmedia":[{"embeddable":true,"href":"https:\/\/www.3p-gmbh.de\/fr\/wp-json\/wp\/v2\/media\/56021"}],"wp:attachment":[{"href":"https:\/\/www.3p-gmbh.de\/fr\/wp-json\/wp\/v2\/media?parent=92143"}],"wp:term":[{"taxonomy":"product_brand","embeddable":true,"href":"https:\/\/www.3p-gmbh.de\/fr\/wp-json\/wp\/v2\/product_brand?post=92143"},{"taxonomy":"product_cat","embeddable":true,"href":"https:\/\/www.3p-gmbh.de\/fr\/wp-json\/wp\/v2\/product_cat?post=92143"},{"taxonomy":"product_tag","embeddable":true,"href":"https:\/\/www.3p-gmbh.de\/fr\/wp-json\/wp\/v2\/product_tag?post=92143"}],"curies":[{"name":"wp","href":"https:\/\/api.w.org\/{rel}","templated":true}]}}