{"id":92127,"date":"2019-07-11T13:57:32","date_gmt":"2019-07-11T13:57:32","guid":{"rendered":"https:\/\/www.3p-gmbh.de\/produkt\/encolleuse-a-deux-rouleaux-sumbel-herold-500\/"},"modified":"2019-07-11T13:57:32","modified_gmt":"2019-07-11T13:57:32","slug":"encolleuse-a-deux-rouleaux","status":"publish","type":"product","link":"https:\/\/www.3p-gmbh.de\/fr\/produkt\/encolleuse-a-deux-rouleaux\/","title":{"rendered":"Encolleuse \u00e0 deux rouleaux Sumbel Herold 500"},"content":{"rendered":"<ul>\n<li>Machine \u00e0 encoller pour le papier, le carton, le cuir, etc.<\/li>\n<li>Entra\u00eenement motoris\u00e9 230 Volt 1 Ph., avec commutateur \u00e0 gradins<\/li>\n<li>Rouleaux en laiton inoxydable<\/li>\n<li>Bassin de colle froide, r\u00e9glable en hauteur<\/li>\n<li>Largeur du rouleau : 500mm<\/li>\n<li>Racleur<\/li>\n<\/ul>\n","protected":false},"excerpt":{"rendered":"<p>Machine \u00e0 encoller pour le papier, le carton, le cuir, etc. Entra\u00eenement motoris\u00e9 230 Volt 1 Ph., avec commutateur \u00e0 gradins Rouleaux en laiton inoxydable Bassin de colle froide, r\u00e9glable en hauteur Largeur du rouleau : 500mm Racleur<\/p>\n","protected":false},"featured_media":56124,"template":"","meta":[],"product_brand":[],"product_cat":[2890],"product_tag":[],"class_list":{"0":"post-92127","1":"product","2":"type-product","3":"status-publish","4":"has-post-thumbnail","6":"product_cat-reliure-dassortiment","7":"pa_baujahr-165","8":"pa_hersteller-sumbel","9":"pa_typ-herold-500","11":"first","12":"instock","13":"sold-individually","14":"taxable","15":"shipping-taxable","16":"purchasable","17":"product-type-simple"},"jetpack_sharing_enabled":true,"_links":{"self":[{"href":"https:\/\/www.3p-gmbh.de\/fr\/wp-json\/wp\/v2\/product\/92127","targetHints":{"allow":["GET"]}}],"collection":[{"href":"https:\/\/www.3p-gmbh.de\/fr\/wp-json\/wp\/v2\/product"}],"about":[{"href":"https:\/\/www.3p-gmbh.de\/fr\/wp-json\/wp\/v2\/types\/product"}],"wp:featuredmedia":[{"embeddable":true,"href":"https:\/\/www.3p-gmbh.de\/fr\/wp-json\/wp\/v2\/media\/56124"}],"wp:attachment":[{"href":"https:\/\/www.3p-gmbh.de\/fr\/wp-json\/wp\/v2\/media?parent=92127"}],"wp:term":[{"taxonomy":"product_brand","embeddable":true,"href":"https:\/\/www.3p-gmbh.de\/fr\/wp-json\/wp\/v2\/product_brand?post=92127"},{"taxonomy":"product_cat","embeddable":true,"href":"https:\/\/www.3p-gmbh.de\/fr\/wp-json\/wp\/v2\/product_cat?post=92127"},{"taxonomy":"product_tag","embeddable":true,"href":"https:\/\/www.3p-gmbh.de\/fr\/wp-json\/wp\/v2\/product_tag?post=92127"}],"curies":[{"name":"wp","href":"https:\/\/api.w.org\/{rel}","templated":true}]}}