{"id":92122,"date":"2019-07-11T13:57:32","date_gmt":"2019-07-11T13:57:32","guid":{"rendered":"https:\/\/www.3p-gmbh.de\/produkt\/machine-dentrainement-fournit-780\/"},"modified":"2019-07-11T13:57:32","modified_gmt":"2019-07-11T13:57:32","slug":"machine-motrice-2","status":"publish","type":"product","link":"https:\/\/www.3p-gmbh.de\/fr\/produkt\/machine-motrice-2\/","title":{"rendered":"Machine d&rsquo;entra\u00eenement Fournit 780"},"content":{"rendered":"<ul>\n<li>Machine d&rsquo;entra\u00eenement pour tous les travaux d&rsquo;enrobage et de contrecollage<\/li>\n<li>pour presser rapidement, proprement et uniform\u00e9ment les couvertures de livres, les chemises, les affiches, les pr\u00e9sentoirs, etc.<\/li>\n<li>Entra\u00eenement 220 V<\/li>\n<li>ch\u00e2ssis mobile<\/li>\n<li>Largeur du rouleau 780 mm<\/li>\n<\/ul>\n","protected":false},"excerpt":{"rendered":"<p>Machine d&rsquo;entra\u00eenement pour tous les travaux d&rsquo;enrobage et de contrecollage pour presser rapidement, proprement et uniform\u00e9ment les couvertures de livres, les chemises, les affiches, les pr\u00e9sentoirs, etc. Entra\u00eenement 220 V ch\u00e2ssis mobile Largeur du rouleau 780 mm<\/p>\n","protected":false},"featured_media":56120,"template":"","meta":[],"product_brand":[],"product_cat":[2890],"product_tag":[],"class_list":{"0":"post-92122","1":"product","2":"type-product","3":"status-publish","4":"has-post-thumbnail","6":"product_cat-reliure-dassortiment","7":"pa_hersteller-fournit-ag","8":"pa_typ-anreibemaschine-780","10":"first","11":"instock","12":"sold-individually","13":"taxable","14":"shipping-taxable","15":"purchasable","16":"product-type-simple"},"jetpack_sharing_enabled":true,"_links":{"self":[{"href":"https:\/\/www.3p-gmbh.de\/fr\/wp-json\/wp\/v2\/product\/92122","targetHints":{"allow":["GET"]}}],"collection":[{"href":"https:\/\/www.3p-gmbh.de\/fr\/wp-json\/wp\/v2\/product"}],"about":[{"href":"https:\/\/www.3p-gmbh.de\/fr\/wp-json\/wp\/v2\/types\/product"}],"wp:featuredmedia":[{"embeddable":true,"href":"https:\/\/www.3p-gmbh.de\/fr\/wp-json\/wp\/v2\/media\/56120"}],"wp:attachment":[{"href":"https:\/\/www.3p-gmbh.de\/fr\/wp-json\/wp\/v2\/media?parent=92122"}],"wp:term":[{"taxonomy":"product_brand","embeddable":true,"href":"https:\/\/www.3p-gmbh.de\/fr\/wp-json\/wp\/v2\/product_brand?post=92122"},{"taxonomy":"product_cat","embeddable":true,"href":"https:\/\/www.3p-gmbh.de\/fr\/wp-json\/wp\/v2\/product_cat?post=92122"},{"taxonomy":"product_tag","embeddable":true,"href":"https:\/\/www.3p-gmbh.de\/fr\/wp-json\/wp\/v2\/product_tag?post=92122"}],"curies":[{"name":"wp","href":"https:\/\/api.w.org\/{rel}","templated":true}]}}