{"id":92117,"date":"2019-07-11T13:57:32","date_gmt":"2019-07-11T13:57:32","guid":{"rendered":"https:\/\/www.3p-gmbh.de\/produkt\/laminage-encolleuse-de-chants-sumbel-perkeo-60-avec-4-racleurs\/"},"modified":"2019-07-11T13:57:32","modified_gmt":"2019-07-11T13:57:32","slug":"colle-de-chant-a-rouleau","status":"publish","type":"product","link":"https:\/\/www.3p-gmbh.de\/fr\/produkt\/colle-de-chant-a-rouleau\/","title":{"rendered":"Laminage &#8211; Encolleuse de chants Sumbel Perkeo 60 avec 4 racleurs"},"content":{"rendered":"<p><strong>Plaque de chant \u00e0 laminer Sumbel<br \/>\npour le papier, le carton, le cuir, etc.<\/strong><\/p>\n<ul>\n<li>  largeurs de travail r\u00e9glables \u00e0 partir de 2 mm<\/li>\n<li>Entra\u00eenement par moteur 230 Volt 1 Ph.<\/li>\n<li>Rouleaux sup\u00e9rieurs et cuves de colle froide en laiton inoxydable<\/li>\n<li>Rouleau de pr\u00e9l\u00e8vement et bassin de colle froide en acier inoxydable<\/li>\n<li>deux racleurs<\/li>\n<li>poids environ 16 kg<\/li>\n<li>Largeur des rouleaux : 60 mm<\/li>\n<\/ul>\n","protected":false},"excerpt":{"rendered":"<p>Plaque de chant \u00e0 laminer Sumbel pour le papier, le carton, le cuir, etc. largeurs de travail r\u00e9glables \u00e0 partir de 2 mm Entra\u00eenement par moteur 230 Volt 1 Ph. Rouleaux sup\u00e9rieurs et cuves de colle froide en laiton inoxydable Rouleau de pr\u00e9l\u00e8vement et bassin de colle froide en acier inoxydable deux racleurs poids environ [&hellip;]<\/p>\n","protected":false},"featured_media":61215,"template":"","meta":[],"product_brand":[],"product_cat":[2890],"product_tag":[],"class_list":{"0":"post-92117","1":"product","2":"type-product","3":"status-publish","4":"has-post-thumbnail","6":"product_cat-reliure-dassortiment","7":"pa_hersteller-sumbel","8":"pa_typ-perkeo-60","10":"first","11":"instock","12":"sold-individually","13":"taxable","14":"shipping-taxable","15":"purchasable","16":"product-type-simple"},"jetpack_sharing_enabled":true,"_links":{"self":[{"href":"https:\/\/www.3p-gmbh.de\/fr\/wp-json\/wp\/v2\/product\/92117","targetHints":{"allow":["GET"]}}],"collection":[{"href":"https:\/\/www.3p-gmbh.de\/fr\/wp-json\/wp\/v2\/product"}],"about":[{"href":"https:\/\/www.3p-gmbh.de\/fr\/wp-json\/wp\/v2\/types\/product"}],"wp:featuredmedia":[{"embeddable":true,"href":"https:\/\/www.3p-gmbh.de\/fr\/wp-json\/wp\/v2\/media\/61215"}],"wp:attachment":[{"href":"https:\/\/www.3p-gmbh.de\/fr\/wp-json\/wp\/v2\/media?parent=92117"}],"wp:term":[{"taxonomy":"product_brand","embeddable":true,"href":"https:\/\/www.3p-gmbh.de\/fr\/wp-json\/wp\/v2\/product_brand?post=92117"},{"taxonomy":"product_cat","embeddable":true,"href":"https:\/\/www.3p-gmbh.de\/fr\/wp-json\/wp\/v2\/product_cat?post=92117"},{"taxonomy":"product_tag","embeddable":true,"href":"https:\/\/www.3p-gmbh.de\/fr\/wp-json\/wp\/v2\/product_tag?post=92117"}],"curies":[{"name":"wp","href":"https:\/\/api.w.org\/{rel}","templated":true}]}}