{"id":92110,"date":"2019-07-11T13:57:32","date_gmt":"2019-07-11T13:57:32","guid":{"rendered":"https:\/\/www.3p-gmbh.de\/produkt\/presse-dencollage-de-blocs-muero-2000-a-4-wt\/"},"modified":"2019-07-11T13:57:32","modified_gmt":"2019-07-11T13:57:32","slug":"blockleimpress-3","status":"publish","type":"product","link":"https:\/\/www.3p-gmbh.de\/fr\/produkt\/blockleimpress-3\/","title":{"rendered":"Presse d&rsquo;encollage de blocs M\u00fcro 2000 A 4 WT"},"content":{"rendered":"<ul>\n<li>pour l&rsquo;archivage de vieux documents, de blocs, de brochures et le collage de jeux de formulaires<\/li>\n<li>S\u00e9chage rapide avec soufflerie d&rsquo;air chaud<\/li>\n<li>1100\/2150 watts en 3 \u00e0 5 minutes<\/li>\n<li>travail sans effort<\/li>\n<li>Pression s\u00fbre et facile de la broche, d\u00e9pla\u00e7able pour DIN A 4 et DIN A 5<\/li>\n<li>Dimensions int\u00e9rieures de la presse : hauteur 20 cm, largeur 35 cm, profondeur 32 cm<\/li>\n<li>Puissance de raccordement : 230 volts, 1100\/2150 watts<\/li>\n<\/ul>\n","protected":false},"excerpt":{"rendered":"<p>pour l&rsquo;archivage de vieux documents, de blocs, de brochures et le collage de jeux de formulaires S\u00e9chage rapide avec soufflerie d&rsquo;air chaud 1100\/2150 watts en 3 \u00e0 5 minutes travail sans effort Pression s\u00fbre et facile de la broche, d\u00e9pla\u00e7able pour DIN A 4 et DIN A 5 Dimensions int\u00e9rieures de la presse : hauteur [&hellip;]<\/p>\n","protected":false},"featured_media":57527,"template":"","meta":[],"product_brand":[],"product_cat":[2890],"product_tag":[],"class_list":{"0":"post-92110","1":"product","2":"type-product","3":"status-publish","4":"has-post-thumbnail","6":"product_cat-reliure-dassortiment","7":"pa_baujahr-145","8":"pa_hersteller-muero","9":"pa_typ-2000-a-4-wt","11":"first","12":"instock","13":"sold-individually","14":"taxable","15":"shipping-taxable","16":"purchasable","17":"product-type-simple"},"jetpack_sharing_enabled":true,"_links":{"self":[{"href":"https:\/\/www.3p-gmbh.de\/fr\/wp-json\/wp\/v2\/product\/92110","targetHints":{"allow":["GET"]}}],"collection":[{"href":"https:\/\/www.3p-gmbh.de\/fr\/wp-json\/wp\/v2\/product"}],"about":[{"href":"https:\/\/www.3p-gmbh.de\/fr\/wp-json\/wp\/v2\/types\/product"}],"wp:featuredmedia":[{"embeddable":true,"href":"https:\/\/www.3p-gmbh.de\/fr\/wp-json\/wp\/v2\/media\/57527"}],"wp:attachment":[{"href":"https:\/\/www.3p-gmbh.de\/fr\/wp-json\/wp\/v2\/media?parent=92110"}],"wp:term":[{"taxonomy":"product_brand","embeddable":true,"href":"https:\/\/www.3p-gmbh.de\/fr\/wp-json\/wp\/v2\/product_brand?post=92110"},{"taxonomy":"product_cat","embeddable":true,"href":"https:\/\/www.3p-gmbh.de\/fr\/wp-json\/wp\/v2\/product_cat?post=92110"},{"taxonomy":"product_tag","embeddable":true,"href":"https:\/\/www.3p-gmbh.de\/fr\/wp-json\/wp\/v2\/product_tag?post=92110"}],"curies":[{"name":"wp","href":"https:\/\/api.w.org\/{rel}","templated":true}]}}