{"id":92106,"date":"2019-07-11T13:57:32","date_gmt":"2019-07-11T13:57:32","guid":{"rendered":"https:\/\/www.3p-gmbh.de\/produkt\/fastbind-r2-relieur-manuel-a-colle-chaude\/"},"modified":"2019-07-11T13:57:32","modified_gmt":"2019-07-11T13:57:32","slug":"relieur-manuel-a-colle-chaude","status":"publish","type":"product","link":"https:\/\/www.3p-gmbh.de\/fr\/produkt\/relieur-manuel-a-colle-chaude\/","title":{"rendered":"Fastbind R2 Relieur manuel \u00e0 colle chaude"},"content":{"rendered":"<p>MACHINE COMPACTE DE RELIURE PARFAITE FASTBIND R2 PRACTIC<br \/>\nLa flexibilit\u00e9 et le contr\u00f4le de l&rsquo;application manuelle de colle rendent cette machine id\u00e9ale pour les copyshops ou les imprimeries ayant des volumes de reliure faibles \u00e0 moyens ou travaillant avec des papiers couch\u00e9s, car les temps de calage sont supprim\u00e9s. R2 Practic est une machine \u00e0 relier Perfect facile \u00e0 utiliser. Elle est rapidement utilisable, car il n&rsquo;est pas n\u00e9cessaire de tenir compte des diff\u00e9rents formats ou de l&rsquo;\u00e9paisseur des livres. Malgr\u00e9 sa taille et son co\u00fbt r\u00e9duits, les caract\u00e9ristiques des possibilit\u00e9s offertes par le syst\u00e8me Fastbind permettent une totale libert\u00e9 de mat\u00e9riel.<\/p>\n<ul>\n<li>jusqu&rsquo;\u00e0 450 collages\/heure<\/li>\n<li>jusqu&rsquo;\u00e0 180 livres\/heure<\/li>\n<li>avec d\u00e9polissage<\/li>\n<li>min. \/ max. \u00c9paisseur de reliure (mm) 0,1 \u00e0 50<\/li>\n<li>max. Format de la reliure (mm) jusqu&rsquo;\u00e0 435 x 305<\/li>\n<li>max. \u00c9paisseur du mat\u00e9riau de couverture (g\/m\u00b2) jusqu&rsquo;\u00e0 400<\/li>\n<li>Volt\/fr\u00e9quence\/max. Consommation \u00e9lectrique 220-240 V\/50-60 Hz\/3 A<\/li>\n<\/ul>\n","protected":false},"excerpt":{"rendered":"<p>MACHINE COMPACTE DE RELIURE PARFAITE FASTBIND R2 PRACTIC La flexibilit\u00e9 et le contr\u00f4le de l&rsquo;application manuelle de colle rendent cette machine id\u00e9ale pour les copyshops ou les imprimeries ayant des volumes de reliure faibles \u00e0 moyens ou travaillant avec des papiers couch\u00e9s, car les temps de calage sont supprim\u00e9s. R2 Practic est une machine \u00e0 [&hellip;]<\/p>\n","protected":false},"featured_media":56112,"template":"","meta":[],"product_brand":[],"product_cat":[2890],"product_tag":[],"class_list":{"0":"post-92106","1":"product","2":"type-product","3":"status-publish","4":"has-post-thumbnail","6":"product_cat-reliure-dassortiment","7":"pa_baujahr-153","8":"pa_hersteller-fastbind","9":"pa_typ-r2-practic","11":"first","12":"instock","13":"sold-individually","14":"taxable","15":"shipping-taxable","16":"purchasable","17":"product-type-simple"},"jetpack_sharing_enabled":true,"_links":{"self":[{"href":"https:\/\/www.3p-gmbh.de\/fr\/wp-json\/wp\/v2\/product\/92106","targetHints":{"allow":["GET"]}}],"collection":[{"href":"https:\/\/www.3p-gmbh.de\/fr\/wp-json\/wp\/v2\/product"}],"about":[{"href":"https:\/\/www.3p-gmbh.de\/fr\/wp-json\/wp\/v2\/types\/product"}],"wp:featuredmedia":[{"embeddable":true,"href":"https:\/\/www.3p-gmbh.de\/fr\/wp-json\/wp\/v2\/media\/56112"}],"wp:attachment":[{"href":"https:\/\/www.3p-gmbh.de\/fr\/wp-json\/wp\/v2\/media?parent=92106"}],"wp:term":[{"taxonomy":"product_brand","embeddable":true,"href":"https:\/\/www.3p-gmbh.de\/fr\/wp-json\/wp\/v2\/product_brand?post=92106"},{"taxonomy":"product_cat","embeddable":true,"href":"https:\/\/www.3p-gmbh.de\/fr\/wp-json\/wp\/v2\/product_cat?post=92106"},{"taxonomy":"product_tag","embeddable":true,"href":"https:\/\/www.3p-gmbh.de\/fr\/wp-json\/wp\/v2\/product_tag?post=92106"}],"curies":[{"name":"wp","href":"https:\/\/api.w.org\/{rel}","templated":true}]}}