{"id":92095,"date":"2019-07-11T13:57:41","date_gmt":"2019-07-11T13:57:41","guid":{"rendered":"https:\/\/www.3p-gmbh.de\/produkt\/heidelberg-eurobind-eb-1300-pur-4-pinces-de-reliure-par-collage\/"},"modified":"2019-07-11T13:57:41","modified_gmt":"2019-07-11T13:57:41","slug":"4-pinces-pur-adhesifs","status":"publish","type":"product","link":"https:\/\/www.3p-gmbh.de\/fr\/produkt\/4-pinces-pur-adhesifs\/","title":{"rendered":"Heidelberg Eurobind EB-1300 PUR 4 pinces de reliure par collage"},"content":{"rendered":"<ul>\n<li>Ann\u00e9e de construction 2012<\/li>\n<li>seulement 850.000 fixations<\/li>\n<li>capacit\u00e9 m\u00e9canique 1.300 pi\u00e8ces\/heure<\/li>\n<li>Largeur du bloc : 108 &#8211; 300 mm<\/li>\n<li>hauteur du bloc : 145 &#8211; 360 mm<\/li>\n<li>\u00c9paisseur du bloc : 2 &#8211; 45 mm<\/li>\n<li>Margeur d&rsquo;enveloppes Largeur : 218 &#8211; 680 mm<\/li>\n<li>Margeur d&rsquo;enveloppes Hauteur : 145 &#8211; 370 mm<\/li>\n<li>Grammage : 120 &#8211; 300 g\/m<\/li>\n<li>Profondeur de la fraise : 0 &#8211; 3 mm<\/li>\n<li>Applicateur de buses PUR natec avec pr\u00e9fuseur BS 250003 PUR<\/li>\n<\/ul>\n","protected":false},"excerpt":{"rendered":"<p>Ann\u00e9e de construction 2012 seulement 850.000 fixations capacit\u00e9 m\u00e9canique 1.300 pi\u00e8ces\/heure Largeur du bloc : 108 &#8211; 300 mm hauteur du bloc : 145 &#8211; 360 mm \u00c9paisseur du bloc : 2 &#8211; 45 mm Margeur d&rsquo;enveloppes Largeur : 218 &#8211; 680 mm Margeur d&rsquo;enveloppes Hauteur : 145 &#8211; 370 mm Grammage : 120 &#8211; [&hellip;]<\/p>\n","protected":false},"featured_media":56987,"template":"","meta":[],"product_brand":[],"product_cat":[2948],"product_tag":[],"class_list":{"0":"post-92095","1":"product","2":"type-product","3":"status-publish","4":"has-post-thumbnail","6":"product_cat-relieurs-a-colle","7":"pa_baujahr-137","8":"pa_hersteller-heidelberg-stahl","9":"pa_typ-eurobind-eb-1300","11":"first","12":"instock","13":"sold-individually","14":"taxable","15":"shipping-taxable","16":"purchasable","17":"product-type-simple"},"jetpack_sharing_enabled":true,"_links":{"self":[{"href":"https:\/\/www.3p-gmbh.de\/fr\/wp-json\/wp\/v2\/product\/92095","targetHints":{"allow":["GET"]}}],"collection":[{"href":"https:\/\/www.3p-gmbh.de\/fr\/wp-json\/wp\/v2\/product"}],"about":[{"href":"https:\/\/www.3p-gmbh.de\/fr\/wp-json\/wp\/v2\/types\/product"}],"wp:featuredmedia":[{"embeddable":true,"href":"https:\/\/www.3p-gmbh.de\/fr\/wp-json\/wp\/v2\/media\/56987"}],"wp:attachment":[{"href":"https:\/\/www.3p-gmbh.de\/fr\/wp-json\/wp\/v2\/media?parent=92095"}],"wp:term":[{"taxonomy":"product_brand","embeddable":true,"href":"https:\/\/www.3p-gmbh.de\/fr\/wp-json\/wp\/v2\/product_brand?post=92095"},{"taxonomy":"product_cat","embeddable":true,"href":"https:\/\/www.3p-gmbh.de\/fr\/wp-json\/wp\/v2\/product_cat?post=92095"},{"taxonomy":"product_tag","embeddable":true,"href":"https:\/\/www.3p-gmbh.de\/fr\/wp-json\/wp\/v2\/product_tag?post=92095"}],"curies":[{"name":"wp","href":"https:\/\/api.w.org\/{rel}","templated":true}]}}