{"id":92088,"date":"2019-07-11T13:57:32","date_gmt":"2019-07-11T13:57:32","guid":{"rendered":"https:\/\/www.3p-gmbh.de\/produkt\/tronconneuse-wohlenberg-ts-11\/"},"modified":"2019-07-11T13:57:32","modified_gmt":"2019-07-11T13:57:32","slug":"tronconneuse-a-bloc","status":"publish","type":"product","link":"https:\/\/www.3p-gmbh.de\/fr\/produkt\/tronconneuse-a-bloc\/","title":{"rendered":"Tron\u00e7onneuse Wohlenberg TS 11"},"content":{"rendered":"<ul>\n<li>Scie de s\u00e9paration des blocs de livres pour les produits \u00e0 double usage des relieurs par collage<\/li>\n<li>avec bande r\u00e9versible Wohlenberg WB 12<\/li>\n<li>max. format 520x250mm<\/li>\n<li>Puissance 20.000 cycles<\/li>\n<\/ul>\n","protected":false},"excerpt":{"rendered":"<p>Scie de s\u00e9paration des blocs de livres pour les produits \u00e0 double usage des relieurs par collage avec bande r\u00e9versible Wohlenberg WB 12 max. format 520x250mm Puissance 20.000 cycles<\/p>\n","protected":false},"featured_media":56095,"template":"","meta":[],"product_brand":[],"product_cat":[2948],"product_tag":[],"class_list":{"0":"post-92088","1":"product","2":"type-product","3":"status-publish","4":"has-post-thumbnail","6":"product_cat-relieurs-a-colle","7":"pa_baujahr-262","8":"pa_hersteller-wohlenberg","9":"pa_typ-ts-11s-mit-wendeband-12","11":"first","12":"instock","13":"sold-individually","14":"taxable","15":"shipping-taxable","16":"purchasable","17":"product-type-simple"},"jetpack_sharing_enabled":true,"_links":{"self":[{"href":"https:\/\/www.3p-gmbh.de\/fr\/wp-json\/wp\/v2\/product\/92088","targetHints":{"allow":["GET"]}}],"collection":[{"href":"https:\/\/www.3p-gmbh.de\/fr\/wp-json\/wp\/v2\/product"}],"about":[{"href":"https:\/\/www.3p-gmbh.de\/fr\/wp-json\/wp\/v2\/types\/product"}],"wp:featuredmedia":[{"embeddable":true,"href":"https:\/\/www.3p-gmbh.de\/fr\/wp-json\/wp\/v2\/media\/56095"}],"wp:attachment":[{"href":"https:\/\/www.3p-gmbh.de\/fr\/wp-json\/wp\/v2\/media?parent=92088"}],"wp:term":[{"taxonomy":"product_brand","embeddable":true,"href":"https:\/\/www.3p-gmbh.de\/fr\/wp-json\/wp\/v2\/product_brand?post=92088"},{"taxonomy":"product_cat","embeddable":true,"href":"https:\/\/www.3p-gmbh.de\/fr\/wp-json\/wp\/v2\/product_cat?post=92088"},{"taxonomy":"product_tag","embeddable":true,"href":"https:\/\/www.3p-gmbh.de\/fr\/wp-json\/wp\/v2\/product_tag?post=92088"}],"curies":[{"name":"wp","href":"https:\/\/api.w.org\/{rel}","templated":true}]}}