{"id":92077,"date":"2019-07-11T13:57:32","date_gmt":"2019-07-11T13:57:32","guid":{"rendered":"https:\/\/www.3p-gmbh.de\/produkt\/presse-dencollage-de-blocs-muero-5000-a4-wt\/"},"modified":"2019-07-11T13:57:32","modified_gmt":"2019-07-11T13:57:32","slug":"blockleimpress-2","status":"publish","type":"product","link":"https:\/\/www.3p-gmbh.de\/fr\/produkt\/blockleimpress-2\/","title":{"rendered":"Presse d&rsquo;encollage de blocs M\u00fcro 5000 A4 WT"},"content":{"rendered":"<ul>\n<li>ch\u00e2ssis mobile<\/li>\n<li>S\u00e9chage par soufflerie d&rsquo;air chaud<\/li>\n<li>T\u00f4le d&rsquo;accumulation thermique pour un s\u00e9chage uniforme et insert de presse pour les petites piles<\/li>\n<li>Capacit\u00e9 d&rsquo;accueil pour les piles A 4<\/li>\n<li>Encollage de jeux de formulaires ou de brochures DIN A 5<\/li>\n<li>Hauteur d&#8217;empilage : 50 cm<\/li>\n<li>Largeur de la presse : 35 cm<\/li>\n<li>Profondeur de la presse : 32 cm<\/li>\n<\/ul>\n","protected":false},"excerpt":{"rendered":"<p>ch\u00e2ssis mobile S\u00e9chage par soufflerie d&rsquo;air chaud T\u00f4le d&rsquo;accumulation thermique pour un s\u00e9chage uniforme et insert de presse pour les petites piles Capacit\u00e9 d&rsquo;accueil pour les piles A 4 Encollage de jeux de formulaires ou de brochures DIN A 5 Hauteur d&#8217;empilage : 50 cm Largeur de la presse : 35 cm Profondeur de la [&hellip;]<\/p>\n","protected":false},"featured_media":56099,"template":"","meta":[],"product_brand":[],"product_cat":[2890],"product_tag":[],"class_list":{"0":"post-92077","1":"product","2":"type-product","3":"status-publish","4":"has-post-thumbnail","6":"product_cat-reliure-dassortiment","7":"pa_baujahr-326","8":"pa_hersteller-muero","9":"pa_typ-5000-a4-wt","11":"first","12":"instock","13":"sold-individually","14":"taxable","15":"shipping-taxable","16":"purchasable","17":"product-type-simple"},"jetpack_sharing_enabled":true,"_links":{"self":[{"href":"https:\/\/www.3p-gmbh.de\/fr\/wp-json\/wp\/v2\/product\/92077","targetHints":{"allow":["GET"]}}],"collection":[{"href":"https:\/\/www.3p-gmbh.de\/fr\/wp-json\/wp\/v2\/product"}],"about":[{"href":"https:\/\/www.3p-gmbh.de\/fr\/wp-json\/wp\/v2\/types\/product"}],"wp:featuredmedia":[{"embeddable":true,"href":"https:\/\/www.3p-gmbh.de\/fr\/wp-json\/wp\/v2\/media\/56099"}],"wp:attachment":[{"href":"https:\/\/www.3p-gmbh.de\/fr\/wp-json\/wp\/v2\/media?parent=92077"}],"wp:term":[{"taxonomy":"product_brand","embeddable":true,"href":"https:\/\/www.3p-gmbh.de\/fr\/wp-json\/wp\/v2\/product_brand?post=92077"},{"taxonomy":"product_cat","embeddable":true,"href":"https:\/\/www.3p-gmbh.de\/fr\/wp-json\/wp\/v2\/product_cat?post=92077"},{"taxonomy":"product_tag","embeddable":true,"href":"https:\/\/www.3p-gmbh.de\/fr\/wp-json\/wp\/v2\/product_tag?post=92077"}],"curies":[{"name":"wp","href":"https:\/\/api.w.org\/{rel}","templated":true}]}}