{"id":92070,"date":"2019-07-11T13:57:47","date_gmt":"2019-07-11T13:57:47","guid":{"rendered":"https:\/\/www.3p-gmbh.de\/produkt\/heidelberg-stahl-stitchmaster-st-100-2-encarteuse-piqueuse\/"},"modified":"2019-07-11T13:57:47","modified_gmt":"2019-07-11T13:57:47","slug":"classeur-a-levier-4","status":"publish","type":"product","link":"https:\/\/www.3p-gmbh.de\/fr\/produkt\/classeur-a-levier-4\/","title":{"rendered":"Heidelberg \/ Stahl Stitchmaster ST 100.2 Encarteuse-piqueuse"},"content":{"rendered":"<ul>\n<li>Ann\u00e9e de construction 2008 seulement env. 2500 heures de service<\/li>\n<li>capacit\u00e9 : 9.000 cycles\/h<\/li>\n<li>Format min : 89 x 120 mm ou 92 x 126 mm (non coup\u00e9)<\/li>\n<li>Format max : 305 x 349 mm ou 311 x 355 mm (non coup\u00e9)<\/li>\n<li>1 x margeur de pliage d&rsquo;enveloppes UFA 100<\/li>\n<li>3 x margeurs verticaux doubles DVA 100<\/li>\n<li>1 x possibilit\u00e9 de suppl\u00e9ment manuel sur le renvoi de cha\u00eene<\/li>\n<li>2 x pompes \u00e0 vide \u00e0 pression Becker KVT 3-60 et DVT 3-80<\/li>\n<li>1 station d&rsquo;agrafage 100.2<\/li>\n<li>2 x t\u00eates d&rsquo;agrafage normales Hohner NH 52\/8<\/li>\n<li>2 x t\u00eates d&rsquo;agrafes \u00e0 \u0153illets Hohner 52\/8<\/li>\n<li>Trimmer avec dispositif de coupe centrale pour la production \u00e0 double usage<\/li>\n<li>1 table de marquage de transfert<\/li>\n<li>1 sortie de bande d&rsquo;\u00e9cailles<\/li>\n<li>en option, un croisillon Rima KL 1112 est \u00e9galement disponible<\/li>\n<\/ul>\n","protected":false},"excerpt":{"rendered":"<p>Ann\u00e9e de construction 2008 seulement env. 2500 heures de service capacit\u00e9 : 9.000 cycles\/h Format min : 89 x 120 mm ou 92 x 126 mm (non coup\u00e9) Format max : 305 x 349 mm ou 311 x 355 mm (non coup\u00e9) 1 x margeur de pliage d&rsquo;enveloppes UFA 100 3 x margeurs verticaux doubles [&hellip;]<\/p>\n","protected":false},"featured_media":56191,"template":"","meta":[],"product_brand":[],"product_cat":[2907],"product_tag":[],"class_list":{"0":"post-92070","1":"product","2":"type-product","3":"status-publish","4":"has-post-thumbnail","6":"product_cat-encarteuse-piqueuse","7":"pa_baujahr-326","8":"pa_hersteller-heidelberg-stahl","9":"pa_typ-stichmaster-st-100-2","11":"first","12":"instock","13":"sold-individually","14":"taxable","15":"shipping-taxable","16":"purchasable","17":"product-type-simple"},"jetpack_sharing_enabled":true,"_links":{"self":[{"href":"https:\/\/www.3p-gmbh.de\/fr\/wp-json\/wp\/v2\/product\/92070","targetHints":{"allow":["GET"]}}],"collection":[{"href":"https:\/\/www.3p-gmbh.de\/fr\/wp-json\/wp\/v2\/product"}],"about":[{"href":"https:\/\/www.3p-gmbh.de\/fr\/wp-json\/wp\/v2\/types\/product"}],"wp:featuredmedia":[{"embeddable":true,"href":"https:\/\/www.3p-gmbh.de\/fr\/wp-json\/wp\/v2\/media\/56191"}],"wp:attachment":[{"href":"https:\/\/www.3p-gmbh.de\/fr\/wp-json\/wp\/v2\/media?parent=92070"}],"wp:term":[{"taxonomy":"product_brand","embeddable":true,"href":"https:\/\/www.3p-gmbh.de\/fr\/wp-json\/wp\/v2\/product_brand?post=92070"},{"taxonomy":"product_cat","embeddable":true,"href":"https:\/\/www.3p-gmbh.de\/fr\/wp-json\/wp\/v2\/product_cat?post=92070"},{"taxonomy":"product_tag","embeddable":true,"href":"https:\/\/www.3p-gmbh.de\/fr\/wp-json\/wp\/v2\/product_tag?post=92070"}],"curies":[{"name":"wp","href":"https:\/\/api.w.org\/{rel}","templated":true}]}}