{"id":92064,"date":"2019-07-11T13:57:47","date_gmt":"2019-07-11T13:57:47","guid":{"rendered":"https:\/\/www.3p-gmbh.de\/produkt\/heidelberg-acier-autocollant-pour-echantillons-de-marchandises\/"},"modified":"2019-07-11T13:57:47","modified_gmt":"2019-07-11T13:57:47","slug":"colle-dechantillon","status":"publish","type":"product","link":"https:\/\/www.3p-gmbh.de\/fr\/produkt\/colle-dechantillon\/","title":{"rendered":"Heidelberg\/acier Autocollant pour \u00e9chantillons de marchandises"},"content":{"rendered":"<ul>\n<li>Colleuse d&rsquo;\u00e9chantillons WRV (\u00e0 poser \u00e0 l&rsquo;avant) et WKH (\u00e0 poser \u00e0 l&rsquo;arri\u00e8re) pour l&rsquo;int\u00e9gration dans les encarteuses-piqueuses Stahl ST 400 et ST 450<\/li>\n<li>jusqu&rsquo;\u00e0 14.000 mesures<\/li>\n<li>pour cartes, \u00e9chantillons, CD, DVD, livrets, cartes \u00e0 puce<\/li>\n<\/ul>\n","protected":false},"excerpt":{"rendered":"<p>Colleuse d&rsquo;\u00e9chantillons WRV (\u00e0 poser \u00e0 l&rsquo;avant) et WKH (\u00e0 poser \u00e0 l&rsquo;arri\u00e8re) pour l&rsquo;int\u00e9gration dans les encarteuses-piqueuses Stahl ST 400 et ST 450 jusqu&rsquo;\u00e0 14.000 mesures pour cartes, \u00e9chantillons, CD, DVD, livrets, cartes \u00e0 puce<\/p>\n","protected":false},"featured_media":56177,"template":"","meta":[],"product_brand":[],"product_cat":[2907],"product_tag":[],"class_list":{"0":"post-92064","1":"product","2":"type-product","3":"status-publish","4":"has-post-thumbnail","6":"product_cat-encarteuse-piqueuse","7":"pa_baujahr-127","8":"pa_hersteller-heidelberg-stahl","9":"pa_typ-wpk-v","11":"first","12":"instock","13":"sold-individually","14":"taxable","15":"shipping-taxable","16":"purchasable","17":"product-type-simple"},"jetpack_sharing_enabled":true,"_links":{"self":[{"href":"https:\/\/www.3p-gmbh.de\/fr\/wp-json\/wp\/v2\/product\/92064","targetHints":{"allow":["GET"]}}],"collection":[{"href":"https:\/\/www.3p-gmbh.de\/fr\/wp-json\/wp\/v2\/product"}],"about":[{"href":"https:\/\/www.3p-gmbh.de\/fr\/wp-json\/wp\/v2\/types\/product"}],"wp:featuredmedia":[{"embeddable":true,"href":"https:\/\/www.3p-gmbh.de\/fr\/wp-json\/wp\/v2\/media\/56177"}],"wp:attachment":[{"href":"https:\/\/www.3p-gmbh.de\/fr\/wp-json\/wp\/v2\/media?parent=92064"}],"wp:term":[{"taxonomy":"product_brand","embeddable":true,"href":"https:\/\/www.3p-gmbh.de\/fr\/wp-json\/wp\/v2\/product_brand?post=92064"},{"taxonomy":"product_cat","embeddable":true,"href":"https:\/\/www.3p-gmbh.de\/fr\/wp-json\/wp\/v2\/product_cat?post=92064"},{"taxonomy":"product_tag","embeddable":true,"href":"https:\/\/www.3p-gmbh.de\/fr\/wp-json\/wp\/v2\/product_tag?post=92064"}],"curies":[{"name":"wp","href":"https:\/\/api.w.org\/{rel}","templated":true}]}}