{"id":92062,"date":"2019-07-11T13:57:47","date_gmt":"2019-07-11T13:57:47","guid":{"rendered":"https:\/\/www.3p-gmbh.de\/produkt\/heidelberg-stahl-stitchmaster-st-450-encarteuse-piqueuse\/"},"modified":"2019-07-11T13:57:47","modified_gmt":"2019-07-11T13:57:47","slug":"classeur-a-levier-3","status":"publish","type":"product","link":"https:\/\/www.3p-gmbh.de\/fr\/produkt\/classeur-a-levier-3\/","title":{"rendered":"Heidelberg Stahl Stitchmaster ST 450 Encarteuse-piqueuse"},"content":{"rendered":"<ul>\n<li>Affichage sur grand \u00e9cran<\/li>\n<li>8 bases de cha\u00eenes avec guide KUS<\/li>\n<li>4 margeurs verticaux DVU 450 avec air de soufflage synchronis\u00e9<\/li>\n<li>2 margeurs horizontaux DHU 450 avec air de soufflage synchronis\u00e9<\/li>\n<li>1 margeur de cartes CHU 450 avec segments de rainurage<\/li>\n<li>Air de soufflage pour champ vide<\/li>\n<li>De l&rsquo;air souffl\u00e9 entre les investisseurs<\/li>\n<li>1 agrafeuse HS 450<\/li>\n<li>Dispositif de transport de fil d&rsquo;agrafage<\/li>\n<li>Support pour grandes bobines de fil<\/li>\n<li>Sortie de feuille erron\u00e9e avec intervalle<\/li>\n<li>Contr\u00f4le de la largeur<\/li>\n<li>Dispositif de changement rapide des t\u00eates d&rsquo;agrafage<\/li>\n<li>1 contr\u00f4le des agrafes par le bas HKKU<\/li>\n<li>4 t\u00eates d&rsquo;agrafage 45-N14-24<\/li>\n<li>4 t\u00eates d&rsquo;agrafage \u00e0 \u0153illets Hohner 50-L6<\/li>\n<li>1 coupe-herbe TR 450<\/li>\n<li>dispositif universel de transport de petits formats 64&#215;120<\/li>\n<li>Dispositif d&rsquo;air pour deux lames de d\u00e9coupe<\/li>\n<li>Dispositif de coupe centrale<\/li>\n<li>Contr\u00f4le de la coupe<\/li>\n<li>Dispositif de coupe trio<\/li>\n<li>Table de marquage de transfert ULMW avec aiguillage d&rsquo;exclusion<\/li>\n<li>Poseur de croix HD automatique<\/li>\n<li>Bande de sortie 832mm<\/li>\n<li>Tunnel 832 avec guide t\u00e9lescopique Telem<\/li>\n<li>\u00c9jecteur de servo<\/li>\n<li>table de r\u00e9ception mobile 1200mm MT 1200<\/li>\n<li>Convoyeur \u00e0 copeaux<\/li>\n<\/ul>\n","protected":false},"excerpt":{"rendered":"<p>Affichage sur grand \u00e9cran 8 bases de cha\u00eenes avec guide KUS 4 margeurs verticaux DVU 450 avec air de soufflage synchronis\u00e9 2 margeurs horizontaux DHU 450 avec air de soufflage synchronis\u00e9 1 margeur de cartes CHU 450 avec segments de rainurage Air de soufflage pour champ vide De l&rsquo;air souffl\u00e9 entre les investisseurs 1 agrafeuse [&hellip;]<\/p>\n","protected":false},"featured_media":56171,"template":"","meta":[],"product_brand":[],"product_cat":[2907],"product_tag":[],"class_list":{"0":"post-92062","1":"product","2":"type-product","3":"status-publish","4":"has-post-thumbnail","6":"product_cat-encarteuse-piqueuse","7":"pa_baujahr-140","8":"pa_hersteller-heidelberg-stahl","9":"pa_typ-stitchmaster-st-450","11":"first","12":"instock","13":"sold-individually","14":"taxable","15":"shipping-taxable","16":"purchasable","17":"product-type-simple"},"jetpack_sharing_enabled":true,"_links":{"self":[{"href":"https:\/\/www.3p-gmbh.de\/fr\/wp-json\/wp\/v2\/product\/92062","targetHints":{"allow":["GET"]}}],"collection":[{"href":"https:\/\/www.3p-gmbh.de\/fr\/wp-json\/wp\/v2\/product"}],"about":[{"href":"https:\/\/www.3p-gmbh.de\/fr\/wp-json\/wp\/v2\/types\/product"}],"wp:featuredmedia":[{"embeddable":true,"href":"https:\/\/www.3p-gmbh.de\/fr\/wp-json\/wp\/v2\/media\/56171"}],"wp:attachment":[{"href":"https:\/\/www.3p-gmbh.de\/fr\/wp-json\/wp\/v2\/media?parent=92062"}],"wp:term":[{"taxonomy":"product_brand","embeddable":true,"href":"https:\/\/www.3p-gmbh.de\/fr\/wp-json\/wp\/v2\/product_brand?post=92062"},{"taxonomy":"product_cat","embeddable":true,"href":"https:\/\/www.3p-gmbh.de\/fr\/wp-json\/wp\/v2\/product_cat?post=92062"},{"taxonomy":"product_tag","embeddable":true,"href":"https:\/\/www.3p-gmbh.de\/fr\/wp-json\/wp\/v2\/product_tag?post=92062"}],"curies":[{"name":"wp","href":"https:\/\/api.w.org\/{rel}","templated":true}]}}