{"id":92046,"date":"2019-07-11T13:57:47","date_gmt":"2019-07-11T13:57:47","guid":{"rendered":"https:\/\/www.3p-gmbh.de\/produkt\/agrafeuse-a-fil-hohner-economy-25-40\/"},"modified":"2019-07-11T13:57:47","modified_gmt":"2019-07-11T13:57:47","slug":"agrafeuse-a-fil-a-tete-unique","status":"publish","type":"product","link":"https:\/\/www.3p-gmbh.de\/fr\/produkt\/agrafeuse-a-fil-a-tete-unique\/","title":{"rendered":"Agrafeuse \u00e0 fil Hohner Economy 25\/40"},"content":{"rendered":"<ul>\n<li>pour blocs et brochures avec agrafage normal ou \u00e0 anneaux (option)<\/li>\n<li>Construction solide avec une grande stabilit\u00e9 pour des agrafages propres<\/li>\n<li>table r\u00e9glable par poign\u00e9e : droite pour les blocs, inclin\u00e9e pour les brochures<\/li>\n<li>D\u00e9clenchement par p\u00e9dale, les deux mains libres pour la mise en place<\/li>\n<li>Longueur du dos de l&rsquo;agrafe 14mm<\/li>\n<li>Entonnoirs \u00e0 rouleaux et \u00e0 fils tubulaires pour des r\u00e9sultats d&rsquo;agrafage fiables, m\u00eame avec des \u00e9paisseurs d&rsquo;agrafes importantes<\/li>\n<li>\u00c9paisseur d&rsquo;agrafage : 2 feuilles &#8211; 25 mm avec agrafe rabattue, jusqu&rsquo;\u00e0 40 mm perfor\u00e9e des deux c\u00f4t\u00e9s<\/li>\n<li>convient pour le fil d&rsquo;agrafage n\u00b0 21-30<\/li>\n<li>capacit\u00e9 d&rsquo;agrafage maximale : 206 agrafes \/ min<\/li>\n<li>Dimensions de la table : 700 x 240 mm<\/li>\n<\/ul>\n","protected":false},"excerpt":{"rendered":"<p>pour blocs et brochures avec agrafage normal ou \u00e0 anneaux (option) Construction solide avec une grande stabilit\u00e9 pour des agrafages propres table r\u00e9glable par poign\u00e9e : droite pour les blocs, inclin\u00e9e pour les brochures D\u00e9clenchement par p\u00e9dale, les deux mains libres pour la mise en place Longueur du dos de l&rsquo;agrafe 14mm Entonnoirs \u00e0 rouleaux [&hellip;]<\/p>\n","protected":false},"featured_media":56154,"template":"","meta":[],"product_brand":[],"product_cat":[2907],"product_tag":[],"class_list":{"0":"post-92046","1":"product","2":"type-product","3":"status-publish","4":"has-post-thumbnail","6":"product_cat-encarteuse-piqueuse","7":"pa_baujahr-198","8":"pa_hersteller-hohner","9":"pa_typ-economy-25-40","11":"first","12":"instock","13":"sold-individually","14":"taxable","15":"shipping-taxable","16":"purchasable","17":"product-type-simple"},"jetpack_sharing_enabled":true,"_links":{"self":[{"href":"https:\/\/www.3p-gmbh.de\/fr\/wp-json\/wp\/v2\/product\/92046","targetHints":{"allow":["GET"]}}],"collection":[{"href":"https:\/\/www.3p-gmbh.de\/fr\/wp-json\/wp\/v2\/product"}],"about":[{"href":"https:\/\/www.3p-gmbh.de\/fr\/wp-json\/wp\/v2\/types\/product"}],"wp:featuredmedia":[{"embeddable":true,"href":"https:\/\/www.3p-gmbh.de\/fr\/wp-json\/wp\/v2\/media\/56154"}],"wp:attachment":[{"href":"https:\/\/www.3p-gmbh.de\/fr\/wp-json\/wp\/v2\/media?parent=92046"}],"wp:term":[{"taxonomy":"product_brand","embeddable":true,"href":"https:\/\/www.3p-gmbh.de\/fr\/wp-json\/wp\/v2\/product_brand?post=92046"},{"taxonomy":"product_cat","embeddable":true,"href":"https:\/\/www.3p-gmbh.de\/fr\/wp-json\/wp\/v2\/product_cat?post=92046"},{"taxonomy":"product_tag","embeddable":true,"href":"https:\/\/www.3p-gmbh.de\/fr\/wp-json\/wp\/v2\/product_tag?post=92046"}],"curies":[{"name":"wp","href":"https:\/\/api.w.org\/{rel}","templated":true}]}}